{"id":9333,"date":"2018-09-10T11:09:45","date_gmt":"2018-09-10T15:09:45","guid":{"rendered":"https:\/\/dsaom.org\/stagingsite\/?page_id=9333"},"modified":"2018-09-10T11:09:45","modified_gmt":"2018-09-10T15:09:45","slug":"programas","status":"publish","type":"page","link":"https:\/\/dsaom.org\/es\/programas\/","title":{"rendered":"Programas"},"content":{"rendered":"<p>[vc_row][vc_column][vc_column_text]<\/p>\n<h4>Acogemos principalmente actividades apropiadas para la edad de los ni\u00f1os y adolescentes con s\u00edndrome de Down dise\u00f1ado para estimular la mente y activar el cuerpo y permitir a los padres una oportunidad de red.<\/h4>\n<p>[\/vc_column_text][vc_empty_space height=&#8221;20px&#8221;][vc_separator][vc_empty_space height=&#8221;20px&#8221;][\/vc_column][\/vc_row][vc_row][vc_column][vc_column_text]<\/p>\n<ul>\n<li class=\"p1\"><a href=\"https:\/\/dsaom.org\/stagingsite\/programs\/swimming\/\"><span class=\"s1\"><span class=\"s1\"><strong>NATACI\u00d3N<\/strong><\/span><\/span><\/a><\/li>\n<li class=\"p1\"><a href=\"https:\/\/dsaom.org\/stagingsite\/programs\/registration-gift-certificate\/\"><strong>CERTIFICADOS DE REGALO<\/strong><\/a><\/li>\n<li class=\"p1\"><a href=\"https:\/\/dsaom.org\/stagingsite\/programs\/welcome-basket\/\"><strong>CESTAS DE BIENVENIDA<\/strong><\/a><\/li>\n<li class=\"p1\">\n<div class=\"mt-info-text\">\n<p><strong>Grupos sociales pragm\u00e1ticos de terapia del habla<\/strong> &#8211; Para los ni\u00f1os de 4 a\u00f1os y m\u00e1s, se ofrece durante todo el a\u00f1o en sesiones de 6 semanas. Ofrecido por\u00a0<strong><a href=\"http:\/\/expressyourselfslp.weebly.com\/\" target=\"_blank\" rel=\"noopener\">Express Yourself Speech and Language<\/a><\/strong> con financiamiento parcial a trav\u00e9s de la Asociaci\u00f3n de s\u00edndrome de Down de Miami. para aprender acerca de cuando nuestro pr\u00f3ximo grupo de pragm\u00e1tica social est\u00e1 comenzando,\u00a0<a href=\"https:\/\/dsaom.org\/stagingsite\/unete-a-nuestra-lista-de-correos\/?lang=es\"><strong>Unete a nuestra lista de Correos<\/strong><\/a>\u00a0O contactanos por\u00a0<a href=\"mailto:info@dsaom.org\"><span class=\"s2\">info@dsaom.org<\/span><\/a>.<\/p>\n<\/div>\n<\/li>\n<li class=\"p1\">\n<div class=\"mt-info-text\">\n<p><strong>Programa de enriquecimiento ling\u00fc\u00edstico<\/strong> &#8211; Varias edades, los grupos se dividen en las habilidades ling\u00fc\u00edsticas actuales.\u00a0Se requiere la participaci\u00f3n del padre\/guardi\u00e1n. Ofrecido por el comportamiento vincula con la financiaci\u00f3n a trav\u00e9s de la Asociaci\u00f3n de s\u00edndrome de Down de Miami. para saber m\u00e1s sobre Cu\u00e1ndo comienza nuestro programa de enriquecimiento de idiomas,\u00a0<strong><a href=\"https:\/\/dsaom.org\/stagingsite\/unete-a-nuestra-lista-de-correos\/?lang=es\">Unete a nuestra lista de Correos<\/a><\/strong>\u00a0O cont\u00e1ctanos por\u00a0<a href=\"mailto:info@dsaom.org\"><span class=\"s2\">info@dsaom.org<\/span><\/a>.<\/p>\n<\/div>\n<\/li>\n<li class=\"p1\"><span style=\"color: #000000;\"><b>Recreo\u00a0<\/b><\/span>&#8211; Para los ni\u00f1os peque\u00f1os, ofrecido estacionalmente. para saber cuando est\u00e1 sucediendo nuestro pr\u00f3ximo evento de recreo,\u00a0<strong><a href=\"https:\/\/dsaom.org\/stagingsite\/unete-a-nuestra-lista-de-correos\/?lang=es\">Unete a nuestra lista de Correos<\/a><\/strong>\u00a0o cont\u00e1ctanos por\u00a0<a href=\"mailto:info@dsaom.org\"><span class=\"s2\">info@dsaom.org<\/span><\/a>.<\/li>\n<li class=\"p1\"><strong>Soccer\u00a0<\/strong>&#8211; Para ni\u00f1os menores de 12 a\u00f1os, ofrecidos en los meses de invierno. Gratis para ni\u00f1os con s\u00edndrome de Down. para saber cu\u00e1ndo comenzar\u00e1 nuestra pr\u00f3xima cl\u00ednica de f\u00fatbol,\u00a0<strong><a href=\"https:\/\/dsaom.org\/stagingsite\/unete-a-nuestra-lista-de-correos\/?lang=es\">Unete a Nuestra lista de Correos<\/a><\/strong>\u00a0<a href=\"mailto:info@dsaom.org\"><span class=\"s2\">O contactanos por info@dsaom.org<\/span><\/a>.<\/li>\n<li class=\"p1\"><strong>Hipoterapia<\/strong> &#8211; Para ni\u00f1os de 8 a\u00f1os o m\u00e1s, de temporada.\u00a0Ofrecido a trav\u00e9s susurrando Manes con financiamiento parcial a trav\u00e9s de la Asociaci\u00f3n de s\u00edndrome de Down de Miami.\u00a0para saber cuando empieza nuestra pr\u00f3xima temporada de hipoterapia,\u00a0<strong><a href=\"https:\/\/dsaom.org\/stagingsite\/unete-a-nuestra-lista-de-correos\/?lang=es\">Unete a Nuestra lista de Correos<\/a><\/strong>\u00a0o contactanos por\u00a0<a href=\"mailto:info@dsaom.org\"><span class=\"s2\">info@dsaom.org<\/span><\/a>.<\/li>\n<\/ul>\n<p>[\/vc_column_text][\/vc_column][\/vc_row]<\/p>\n","protected":false},"excerpt":{"rendered":"<p>[vc_row][vc_column][vc_column_text] Acogemos principalmente actividades apropiadas para la edad de los ni\u00f1os y adolescentes con s\u00edndrome de Down dise\u00f1ado para estimular la mente y activar el cuerpo y permitir a los [&hellip;]<\/p>\n","protected":false},"author":1,"featured_media":0,"parent":0,"menu_order":0,"comment_status":"closed","ping_status":"closed","template":"","meta":{"give_campaign_id":0,"nf_dc_page":"","footnotes":""},"class_list":["post-9333","page","type-page","status-publish","hentry"],"acf":[],"yoast_head":"<!-- This site is optimized with the Yoast SEO plugin v27.4 - https:\/\/yoast.com\/product\/yoast-seo-wordpress\/ -->\n<title>Programas - dsaom.org<\/title>\n<meta name=\"robots\" content=\"index, follow, max-snippet:-1, max-image-preview:large, max-video-preview:-1\" \/>\n<link rel=\"canonical\" href=\"https:\/\/dsaom.org\/es\/programas\/\" \/>\n<meta property=\"og:locale\" content=\"es_ES\" \/>\n<meta property=\"og:type\" content=\"article\" \/>\n<meta property=\"og:title\" content=\"Programas - dsaom.org\" \/>\n<meta property=\"og:description\" content=\"[vc_row][vc_column][vc_column_text] Acogemos principalmente actividades apropiadas para la edad de los ni\u00f1os y adolescentes con s\u00edndrome de Down dise\u00f1ado para estimular la mente y activar el cuerpo y permitir a los [&hellip;]\" \/>\n<meta property=\"og:url\" content=\"https:\/\/dsaom.org\/es\/programas\/\" \/>\n<meta property=\"og:site_name\" content=\"dsaom.org\" \/>\n<meta name=\"twitter:card\" content=\"summary_large_image\" \/>\n<meta name=\"twitter:label1\" content=\"Tiempo de lectura\" \/>\n\t<meta name=\"twitter:data1\" content=\"2 minutos\" \/>\n<script type=\"application\/ld+json\" class=\"yoast-schema-graph\">{\"@context\":\"https:\\\/\\\/schema.org\",\"@graph\":[{\"@type\":\"WebPage\",\"@id\":\"https:\\\/\\\/dsaom.org\\\/es\\\/programas\\\/\",\"url\":\"https:\\\/\\\/dsaom.org\\\/es\\\/programas\\\/\",\"name\":\"Programas - dsaom.org\",\"isPartOf\":{\"@id\":\"https:\\\/\\\/dsaom.org\\\/#website\"},\"datePublished\":\"2018-09-10T15:09:45+00:00\",\"breadcrumb\":{\"@id\":\"https:\\\/\\\/dsaom.org\\\/es\\\/programas\\\/#breadcrumb\"},\"inLanguage\":\"es\",\"potentialAction\":[{\"@type\":\"ReadAction\",\"target\":[\"https:\\\/\\\/dsaom.org\\\/es\\\/programas\\\/\"]}]},{\"@type\":\"BreadcrumbList\",\"@id\":\"https:\\\/\\\/dsaom.org\\\/es\\\/programas\\\/#breadcrumb\",\"itemListElement\":[{\"@type\":\"ListItem\",\"position\":1,\"name\":\"Home\",\"item\":\"https:\\\/\\\/dsaom.org\\\/es\\\/\"},{\"@type\":\"ListItem\",\"position\":2,\"name\":\"Programas\"}]},{\"@type\":\"WebSite\",\"@id\":\"https:\\\/\\\/dsaom.org\\\/#website\",\"url\":\"https:\\\/\\\/dsaom.org\\\/\",\"name\":\"dsaom.org\",\"description\":\"Down Syndrome Association of Miami\",\"potentialAction\":[{\"@type\":\"SearchAction\",\"target\":{\"@type\":\"EntryPoint\",\"urlTemplate\":\"https:\\\/\\\/dsaom.org\\\/?s={search_term_string}\"},\"query-input\":{\"@type\":\"PropertyValueSpecification\",\"valueRequired\":true,\"valueName\":\"search_term_string\"}}],\"inLanguage\":\"es\"}]}<\/script>\n<!-- \/ Yoast SEO plugin. -->","yoast_head_json":{"title":"Programas - dsaom.org","robots":{"index":"index","follow":"follow","max-snippet":"max-snippet:-1","max-image-preview":"max-image-preview:large","max-video-preview":"max-video-preview:-1"},"canonical":"https:\/\/dsaom.org\/es\/programas\/","og_locale":"es_ES","og_type":"article","og_title":"Programas - dsaom.org","og_description":"[vc_row][vc_column][vc_column_text] Acogemos principalmente actividades apropiadas para la edad de los ni\u00f1os y adolescentes con s\u00edndrome de Down dise\u00f1ado para estimular la mente y activar el cuerpo y permitir a los [&hellip;]","og_url":"https:\/\/dsaom.org\/es\/programas\/","og_site_name":"dsaom.org","twitter_card":"summary_large_image","twitter_misc":{"Tiempo de lectura":"2 minutos"},"schema":{"@context":"https:\/\/schema.org","@graph":[{"@type":"WebPage","@id":"https:\/\/dsaom.org\/es\/programas\/","url":"https:\/\/dsaom.org\/es\/programas\/","name":"Programas - dsaom.org","isPartOf":{"@id":"https:\/\/dsaom.org\/#website"},"datePublished":"2018-09-10T15:09:45+00:00","breadcrumb":{"@id":"https:\/\/dsaom.org\/es\/programas\/#breadcrumb"},"inLanguage":"es","potentialAction":[{"@type":"ReadAction","target":["https:\/\/dsaom.org\/es\/programas\/"]}]},{"@type":"BreadcrumbList","@id":"https:\/\/dsaom.org\/es\/programas\/#breadcrumb","itemListElement":[{"@type":"ListItem","position":1,"name":"Home","item":"https:\/\/dsaom.org\/es\/"},{"@type":"ListItem","position":2,"name":"Programas"}]},{"@type":"WebSite","@id":"https:\/\/dsaom.org\/#website","url":"https:\/\/dsaom.org\/","name":"dsaom.org","description":"Down Syndrome Association of Miami","potentialAction":[{"@type":"SearchAction","target":{"@type":"EntryPoint","urlTemplate":"https:\/\/dsaom.org\/?s={search_term_string}"},"query-input":{"@type":"PropertyValueSpecification","valueRequired":true,"valueName":"search_term_string"}}],"inLanguage":"es"}]}},"campaignId":"","jetpack_sharing_enabled":true,"_links":{"self":[{"href":"https:\/\/dsaom.org\/es\/wp-json\/wp\/v2\/pages\/9333\/"}],"collection":[{"href":"https:\/\/dsaom.org\/es\/wp-json\/wp\/v2\/pages\/"}],"about":[{"href":"https:\/\/dsaom.org\/es\/wp-json\/wp\/v2\/types\/page\/"}],"author":[{"embeddable":true,"href":"https:\/\/dsaom.org\/es\/wp-json\/wp\/v2\/users\/1\/"}],"replies":[{"embeddable":true,"href":"https:\/\/dsaom.org\/es\/wp-json\/wp\/v2\/comments\/?post=9333"}],"version-history":[{"count":3,"href":"https:\/\/dsaom.org\/es\/wp-json\/wp\/v2\/pages\/9333\/revisions\/"}],"predecessor-version":[{"id":9336,"href":"https:\/\/dsaom.org\/es\/wp-json\/wp\/v2\/pages\/9333\/revisions\/9336\/"}],"wp:attachment":[{"href":"https:\/\/dsaom.org\/es\/wp-json\/wp\/v2\/media\/?parent=9333"}],"curies":[{"name":"wp","href":"https:\/\/api.w.org\/{rel}","templated":true}]}}