{"id":9275,"date":"2018-09-08T11:40:34","date_gmt":"2018-09-08T15:40:34","guid":{"rendered":"https:\/\/dsaom.org\/stagingsite\/?page_id=9275"},"modified":"2018-09-08T11:40:34","modified_gmt":"2018-09-08T15:40:34","slug":"cesta-de-bienvenida","status":"publish","type":"page","link":"https:\/\/dsaom.org\/es\/programas\/cesta-de-bienvenida\/","title":{"rendered":"Cesta de bienvenida"},"content":{"rendered":"<p>[vc_row][vc_column][vc_column_text]<\/p>\n<h4>La Asociaci\u00f3n S\u00edndrome de Down de la misi\u00f3n de Miami es celebrar la vida de cada nacido con s\u00edndrome de Down.\u00a0El\u00a0<em>Welcome Baby Basket\u00a0<\/em>se env\u00eda a los reci\u00e9n nacidos y sus familias en nuestra comunidad.\u00a0<span class=\"goog-text-highlight\">La cesta est\u00e1 llena de recursos importantes y regalos para el beb\u00e9 y su familia para ayudar a tranquilizar a los que su viaje en este camino no es el \u00fanico.<\/span><\/h4>\n<p><strong>Para obtener m\u00e1s informaci\u00f3n sobre el programa de canasta de bienvenida, comun\u00edquese con nosotros <a href=\"mailto:info@dsaom.org\"><span class=\"s2\">info@dsaom.org<\/span><\/a><\/strong>[\/vc_column_text][vc_empty_space height=&#8221;20px&#8221;][vc_separator][vc_empty_space height=&#8221;20px&#8221;][\/vc_column][\/vc_row][vc_row][vc_column][vc_single_image image=&#8221;7716&#8243; img_size=&#8221;full&#8221;][\/vc_column][\/vc_row]<\/p>\n","protected":false},"excerpt":{"rendered":"<p>[vc_row][vc_column][vc_column_text] La Asociaci\u00f3n S\u00edndrome de Down de la misi\u00f3n de Miami es celebrar la vida de cada nacido con s\u00edndrome de Down.\u00a0El\u00a0Welcome Baby Basket\u00a0se env\u00eda a los reci\u00e9n nacidos y [&hellip;]<\/p>\n","protected":false},"author":1,"featured_media":0,"parent":9333,"menu_order":0,"comment_status":"closed","ping_status":"closed","template":"","meta":{"give_campaign_id":0,"nf_dc_page":"","footnotes":""},"class_list":["post-9275","page","type-page","status-publish","hentry"],"acf":[],"yoast_head":"<!-- This site is optimized with the Yoast SEO plugin v27.4 - https:\/\/yoast.com\/product\/yoast-seo-wordpress\/ -->\n<title>Cesta de bienvenida - dsaom.org<\/title>\n<meta name=\"robots\" content=\"index, follow, max-snippet:-1, max-image-preview:large, max-video-preview:-1\" \/>\n<link rel=\"canonical\" href=\"https:\/\/dsaom.org\/es\/programas\/cesta-de-bienvenida\/\" \/>\n<meta property=\"og:locale\" content=\"es_ES\" \/>\n<meta property=\"og:type\" content=\"article\" \/>\n<meta property=\"og:title\" content=\"Cesta de bienvenida - dsaom.org\" \/>\n<meta property=\"og:description\" content=\"[vc_row][vc_column][vc_column_text] La Asociaci\u00f3n S\u00edndrome de Down de la misi\u00f3n de Miami es celebrar la vida de cada nacido con s\u00edndrome de Down.\u00a0El\u00a0Welcome Baby Basket\u00a0se env\u00eda a los reci\u00e9n nacidos y [&hellip;]\" \/>\n<meta property=\"og:url\" content=\"https:\/\/dsaom.org\/es\/programas\/cesta-de-bienvenida\/\" \/>\n<meta property=\"og:site_name\" content=\"dsaom.org\" \/>\n<meta name=\"twitter:card\" content=\"summary_large_image\" \/>\n<meta name=\"twitter:label1\" content=\"Tiempo de lectura\" \/>\n\t<meta name=\"twitter:data1\" content=\"1 minuto\" \/>\n<script type=\"application\/ld+json\" class=\"yoast-schema-graph\">{\"@context\":\"https:\\\/\\\/schema.org\",\"@graph\":[{\"@type\":\"WebPage\",\"@id\":\"https:\\\/\\\/dsaom.org\\\/es\\\/programas\\\/cesta-de-bienvenida\\\/\",\"url\":\"https:\\\/\\\/dsaom.org\\\/es\\\/programas\\\/cesta-de-bienvenida\\\/\",\"name\":\"Cesta de bienvenida - dsaom.org\",\"isPartOf\":{\"@id\":\"https:\\\/\\\/dsaom.org\\\/#website\"},\"datePublished\":\"2018-09-08T15:40:34+00:00\",\"breadcrumb\":{\"@id\":\"https:\\\/\\\/dsaom.org\\\/es\\\/programas\\\/cesta-de-bienvenida\\\/#breadcrumb\"},\"inLanguage\":\"es\",\"potentialAction\":[{\"@type\":\"ReadAction\",\"target\":[\"https:\\\/\\\/dsaom.org\\\/es\\\/programas\\\/cesta-de-bienvenida\\\/\"]}]},{\"@type\":\"BreadcrumbList\",\"@id\":\"https:\\\/\\\/dsaom.org\\\/es\\\/programas\\\/cesta-de-bienvenida\\\/#breadcrumb\",\"itemListElement\":[{\"@type\":\"ListItem\",\"position\":1,\"name\":\"Home\",\"item\":\"https:\\\/\\\/dsaom.org\\\/es\\\/\"},{\"@type\":\"ListItem\",\"position\":2,\"name\":\"Programas\",\"item\":\"https:\\\/\\\/dsaom.org\\\/es\\\/programas\\\/\"},{\"@type\":\"ListItem\",\"position\":3,\"name\":\"Cesta de bienvenida\"}]},{\"@type\":\"WebSite\",\"@id\":\"https:\\\/\\\/dsaom.org\\\/#website\",\"url\":\"https:\\\/\\\/dsaom.org\\\/\",\"name\":\"dsaom.org\",\"description\":\"Down Syndrome Association of Miami\",\"potentialAction\":[{\"@type\":\"SearchAction\",\"target\":{\"@type\":\"EntryPoint\",\"urlTemplate\":\"https:\\\/\\\/dsaom.org\\\/?s={search_term_string}\"},\"query-input\":{\"@type\":\"PropertyValueSpecification\",\"valueRequired\":true,\"valueName\":\"search_term_string\"}}],\"inLanguage\":\"es\"}]}<\/script>\n<!-- \/ Yoast SEO plugin. -->","yoast_head_json":{"title":"Cesta de bienvenida - dsaom.org","robots":{"index":"index","follow":"follow","max-snippet":"max-snippet:-1","max-image-preview":"max-image-preview:large","max-video-preview":"max-video-preview:-1"},"canonical":"https:\/\/dsaom.org\/es\/programas\/cesta-de-bienvenida\/","og_locale":"es_ES","og_type":"article","og_title":"Cesta de bienvenida - dsaom.org","og_description":"[vc_row][vc_column][vc_column_text] La Asociaci\u00f3n S\u00edndrome de Down de la misi\u00f3n de Miami es celebrar la vida de cada nacido con s\u00edndrome de Down.\u00a0El\u00a0Welcome Baby Basket\u00a0se env\u00eda a los reci\u00e9n nacidos y [&hellip;]","og_url":"https:\/\/dsaom.org\/es\/programas\/cesta-de-bienvenida\/","og_site_name":"dsaom.org","twitter_card":"summary_large_image","twitter_misc":{"Tiempo de lectura":"1 minuto"},"schema":{"@context":"https:\/\/schema.org","@graph":[{"@type":"WebPage","@id":"https:\/\/dsaom.org\/es\/programas\/cesta-de-bienvenida\/","url":"https:\/\/dsaom.org\/es\/programas\/cesta-de-bienvenida\/","name":"Cesta de bienvenida - dsaom.org","isPartOf":{"@id":"https:\/\/dsaom.org\/#website"},"datePublished":"2018-09-08T15:40:34+00:00","breadcrumb":{"@id":"https:\/\/dsaom.org\/es\/programas\/cesta-de-bienvenida\/#breadcrumb"},"inLanguage":"es","potentialAction":[{"@type":"ReadAction","target":["https:\/\/dsaom.org\/es\/programas\/cesta-de-bienvenida\/"]}]},{"@type":"BreadcrumbList","@id":"https:\/\/dsaom.org\/es\/programas\/cesta-de-bienvenida\/#breadcrumb","itemListElement":[{"@type":"ListItem","position":1,"name":"Home","item":"https:\/\/dsaom.org\/es\/"},{"@type":"ListItem","position":2,"name":"Programas","item":"https:\/\/dsaom.org\/es\/programas\/"},{"@type":"ListItem","position":3,"name":"Cesta de bienvenida"}]},{"@type":"WebSite","@id":"https:\/\/dsaom.org\/#website","url":"https:\/\/dsaom.org\/","name":"dsaom.org","description":"Down Syndrome Association of Miami","potentialAction":[{"@type":"SearchAction","target":{"@type":"EntryPoint","urlTemplate":"https:\/\/dsaom.org\/?s={search_term_string}"},"query-input":{"@type":"PropertyValueSpecification","valueRequired":true,"valueName":"search_term_string"}}],"inLanguage":"es"}]}},"campaignId":"","jetpack_sharing_enabled":true,"_links":{"self":[{"href":"https:\/\/dsaom.org\/es\/wp-json\/wp\/v2\/pages\/9275\/"}],"collection":[{"href":"https:\/\/dsaom.org\/es\/wp-json\/wp\/v2\/pages\/"}],"about":[{"href":"https:\/\/dsaom.org\/es\/wp-json\/wp\/v2\/types\/page\/"}],"author":[{"embeddable":true,"href":"https:\/\/dsaom.org\/es\/wp-json\/wp\/v2\/users\/1\/"}],"replies":[{"embeddable":true,"href":"https:\/\/dsaom.org\/es\/wp-json\/wp\/v2\/comments\/?post=9275"}],"version-history":[{"count":2,"href":"https:\/\/dsaom.org\/es\/wp-json\/wp\/v2\/pages\/9275\/revisions\/"}],"predecessor-version":[{"id":9283,"href":"https:\/\/dsaom.org\/es\/wp-json\/wp\/v2\/pages\/9275\/revisions\/9283\/"}],"up":[{"embeddable":true,"href":"https:\/\/dsaom.org\/es\/wp-json\/wp\/v2\/pages\/9333\/"}],"wp:attachment":[{"href":"https:\/\/dsaom.org\/es\/wp-json\/wp\/v2\/media\/?parent=9275"}],"curies":[{"name":"wp","href":"https:\/\/api.w.org\/{rel}","templated":true}]}}