{"id":9271,"date":"2018-09-08T11:36:11","date_gmt":"2018-09-08T15:36:11","guid":{"rendered":"https:\/\/dsaom.org\/stagingsite\/?page_id=9271"},"modified":"2018-09-08T11:36:11","modified_gmt":"2018-09-08T15:36:11","slug":"nadando","status":"publish","type":"page","link":"https:\/\/dsaom.org\/es\/programas\/nadando\/","title":{"rendered":"Nadando"},"content":{"rendered":"<p>[vc_row][vc_column][vc_column_text]<\/p>\n<h3>Nos complace anunciar un nuevo programa para nuestros ni\u00f1os. Nos gustar\u00eda invitar a los ni\u00f1os y adolescentes a participar.<\/h3>\n<p>Para m\u00e1s informaci\u00f3n contacte con nosotros en <a href=\"mailto:info@dsaom.org\"><span class=\"s2\">info@dsaom.org<\/span><\/a>[\/vc_column_text][vc_video link=&#8221;https:\/\/www.youtube.com\/watch?v=VyFArZHJVMc&#8221; title=&#8221;Programa de nataci\u00f3n&#8221;][\/vc_column][\/vc_row][vc_row][vc_column][\/vc_column][\/vc_row]<\/p>\n","protected":false},"excerpt":{"rendered":"<p>[vc_row][vc_column][vc_column_text] Nos complace anunciar un nuevo programa para nuestros ni\u00f1os. Nos gustar\u00eda invitar a los ni\u00f1os y adolescentes a participar. Para m\u00e1s informaci\u00f3n contacte con nosotros en info@dsaom.org[\/vc_column_text][vc_video link=&#8221;https:\/\/www.youtube.com\/watch?v=VyFArZHJVMc&#8221; title=&#8221;Programa [&hellip;]<\/p>\n","protected":false},"author":1,"featured_media":0,"parent":9333,"menu_order":0,"comment_status":"closed","ping_status":"closed","template":"","meta":{"give_campaign_id":0,"nf_dc_page":"","footnotes":""},"class_list":["post-9271","page","type-page","status-publish","hentry"],"acf":[],"yoast_head":"<!-- This site is optimized with the Yoast SEO plugin v27.4 - https:\/\/yoast.com\/product\/yoast-seo-wordpress\/ -->\n<title>Nadando - dsaom.org<\/title>\n<meta name=\"robots\" content=\"index, follow, max-snippet:-1, max-image-preview:large, max-video-preview:-1\" \/>\n<link rel=\"canonical\" href=\"https:\/\/dsaom.org\/es\/programas\/nadando\/\" \/>\n<meta property=\"og:locale\" content=\"es_ES\" \/>\n<meta property=\"og:type\" content=\"article\" \/>\n<meta property=\"og:title\" content=\"Nadando - dsaom.org\" \/>\n<meta property=\"og:description\" content=\"[vc_row][vc_column][vc_column_text] Nos complace anunciar un nuevo programa para nuestros ni\u00f1os. Nos gustar\u00eda invitar a los ni\u00f1os y adolescentes a participar. Para m\u00e1s informaci\u00f3n contacte con nosotros en info@dsaom.org[\/vc_column_text][vc_video link=&#8221;https:\/\/www.youtube.com\/watch?v=VyFArZHJVMc&#8221; title=&#8221;Programa [&hellip;]\" \/>\n<meta property=\"og:url\" content=\"https:\/\/dsaom.org\/es\/programas\/nadando\/\" \/>\n<meta property=\"og:site_name\" content=\"dsaom.org\" \/>\n<meta name=\"twitter:card\" content=\"summary_large_image\" \/>\n<script type=\"application\/ld+json\" class=\"yoast-schema-graph\">{\"@context\":\"https:\\\/\\\/schema.org\",\"@graph\":[{\"@type\":\"WebPage\",\"@id\":\"https:\\\/\\\/dsaom.org\\\/es\\\/programas\\\/nadando\\\/\",\"url\":\"https:\\\/\\\/dsaom.org\\\/es\\\/programas\\\/nadando\\\/\",\"name\":\"Nadando - dsaom.org\",\"isPartOf\":{\"@id\":\"https:\\\/\\\/dsaom.org\\\/#website\"},\"datePublished\":\"2018-09-08T15:36:11+00:00\",\"breadcrumb\":{\"@id\":\"https:\\\/\\\/dsaom.org\\\/es\\\/programas\\\/nadando\\\/#breadcrumb\"},\"inLanguage\":\"es\",\"potentialAction\":[{\"@type\":\"ReadAction\",\"target\":[\"https:\\\/\\\/dsaom.org\\\/es\\\/programas\\\/nadando\\\/\"]}]},{\"@type\":\"BreadcrumbList\",\"@id\":\"https:\\\/\\\/dsaom.org\\\/es\\\/programas\\\/nadando\\\/#breadcrumb\",\"itemListElement\":[{\"@type\":\"ListItem\",\"position\":1,\"name\":\"Home\",\"item\":\"https:\\\/\\\/dsaom.org\\\/es\\\/\"},{\"@type\":\"ListItem\",\"position\":2,\"name\":\"Programas\",\"item\":\"https:\\\/\\\/dsaom.org\\\/es\\\/programas\\\/\"},{\"@type\":\"ListItem\",\"position\":3,\"name\":\"Nadando\"}]},{\"@type\":\"WebSite\",\"@id\":\"https:\\\/\\\/dsaom.org\\\/#website\",\"url\":\"https:\\\/\\\/dsaom.org\\\/\",\"name\":\"dsaom.org\",\"description\":\"Down Syndrome Association of Miami\",\"potentialAction\":[{\"@type\":\"SearchAction\",\"target\":{\"@type\":\"EntryPoint\",\"urlTemplate\":\"https:\\\/\\\/dsaom.org\\\/?s={search_term_string}\"},\"query-input\":{\"@type\":\"PropertyValueSpecification\",\"valueRequired\":true,\"valueName\":\"search_term_string\"}}],\"inLanguage\":\"es\"}]}<\/script>\n<!-- \/ Yoast SEO plugin. -->","yoast_head_json":{"title":"Nadando - dsaom.org","robots":{"index":"index","follow":"follow","max-snippet":"max-snippet:-1","max-image-preview":"max-image-preview:large","max-video-preview":"max-video-preview:-1"},"canonical":"https:\/\/dsaom.org\/es\/programas\/nadando\/","og_locale":"es_ES","og_type":"article","og_title":"Nadando - dsaom.org","og_description":"[vc_row][vc_column][vc_column_text] Nos complace anunciar un nuevo programa para nuestros ni\u00f1os. Nos gustar\u00eda invitar a los ni\u00f1os y adolescentes a participar. Para m\u00e1s informaci\u00f3n contacte con nosotros en info@dsaom.org[\/vc_column_text][vc_video link=&#8221;https:\/\/www.youtube.com\/watch?v=VyFArZHJVMc&#8221; title=&#8221;Programa [&hellip;]","og_url":"https:\/\/dsaom.org\/es\/programas\/nadando\/","og_site_name":"dsaom.org","twitter_card":"summary_large_image","schema":{"@context":"https:\/\/schema.org","@graph":[{"@type":"WebPage","@id":"https:\/\/dsaom.org\/es\/programas\/nadando\/","url":"https:\/\/dsaom.org\/es\/programas\/nadando\/","name":"Nadando - dsaom.org","isPartOf":{"@id":"https:\/\/dsaom.org\/#website"},"datePublished":"2018-09-08T15:36:11+00:00","breadcrumb":{"@id":"https:\/\/dsaom.org\/es\/programas\/nadando\/#breadcrumb"},"inLanguage":"es","potentialAction":[{"@type":"ReadAction","target":["https:\/\/dsaom.org\/es\/programas\/nadando\/"]}]},{"@type":"BreadcrumbList","@id":"https:\/\/dsaom.org\/es\/programas\/nadando\/#breadcrumb","itemListElement":[{"@type":"ListItem","position":1,"name":"Home","item":"https:\/\/dsaom.org\/es\/"},{"@type":"ListItem","position":2,"name":"Programas","item":"https:\/\/dsaom.org\/es\/programas\/"},{"@type":"ListItem","position":3,"name":"Nadando"}]},{"@type":"WebSite","@id":"https:\/\/dsaom.org\/#website","url":"https:\/\/dsaom.org\/","name":"dsaom.org","description":"Down Syndrome Association of Miami","potentialAction":[{"@type":"SearchAction","target":{"@type":"EntryPoint","urlTemplate":"https:\/\/dsaom.org\/?s={search_term_string}"},"query-input":{"@type":"PropertyValueSpecification","valueRequired":true,"valueName":"search_term_string"}}],"inLanguage":"es"}]}},"campaignId":"","jetpack_sharing_enabled":true,"_links":{"self":[{"href":"https:\/\/dsaom.org\/es\/wp-json\/wp\/v2\/pages\/9271\/"}],"collection":[{"href":"https:\/\/dsaom.org\/es\/wp-json\/wp\/v2\/pages\/"}],"about":[{"href":"https:\/\/dsaom.org\/es\/wp-json\/wp\/v2\/types\/page\/"}],"author":[{"embeddable":true,"href":"https:\/\/dsaom.org\/es\/wp-json\/wp\/v2\/users\/1\/"}],"replies":[{"embeddable":true,"href":"https:\/\/dsaom.org\/es\/wp-json\/wp\/v2\/comments\/?post=9271"}],"version-history":[{"count":2,"href":"https:\/\/dsaom.org\/es\/wp-json\/wp\/v2\/pages\/9271\/revisions\/"}],"predecessor-version":[{"id":9273,"href":"https:\/\/dsaom.org\/es\/wp-json\/wp\/v2\/pages\/9271\/revisions\/9273\/"}],"up":[{"embeddable":true,"href":"https:\/\/dsaom.org\/es\/wp-json\/wp\/v2\/pages\/9333\/"}],"wp:attachment":[{"href":"https:\/\/dsaom.org\/es\/wp-json\/wp\/v2\/media\/?parent=9271"}],"curies":[{"name":"wp","href":"https:\/\/api.w.org\/{rel}","templated":true}]}}