{"id":9267,"date":"2018-09-08T11:38:14","date_gmt":"2018-09-08T15:38:14","guid":{"rendered":"https:\/\/dsaom.org\/stagingsite\/?page_id=9267"},"modified":"2018-09-08T11:38:14","modified_gmt":"2018-09-08T15:38:14","slug":"caminata-milagrosa","status":"publish","type":"page","link":"https:\/\/dsaom.org\/es\/proximos-eventos\/caminata-milagrosa\/","title":{"rendered":"Caminata Milagrosa"},"content":{"rendered":"<p>[vc_row][vc_column][vc_empty_space height=&#8221;20px&#8221;][\/vc_column][\/vc_row][vc_row][vc_column][vc_column_text]<\/p>\n<p style=\"text-align: center;\"><strong><br \/>\n<\/strong><strong>Comprueba los resultados de la caminata milagrosa 2017.<\/strong><\/p>\n<p><iframe loading=\"lazy\" style=\"border: 1px solid #ddd;\" src=\"https:\/\/runsignup.com\/Race\/Results\/?raceId=53350&amp;embed&amp;resultSetId=100613\" width=\"100%\" height=\"600\" frameborder=\"0\" data-mce-fragment=\"1\"><\/iframe>[\/vc_column_text][vc_empty_space height=&#8221;40px&#8221;][vc_single_image image=&#8221;8134&#8243; img_size=&#8221;full&#8221; alignment=&#8221;center&#8221;][vc_text_separator title=&#8221;QU\u00c9?&#8221;][vc_column_text]<\/p>\n<div class=\"wpb_text_column wpb_content_element \">\n<div class=\"wpb_wrapper\">\n<p><span class=\"\">11 \u00aa edici\u00f3n de milagro Walk y cuarto anual 5k disfrutar de la comida de cortes\u00eda, refrescos, m\u00fasica y entretenimiento con su donaci\u00f3n<\/span><\/p>\n<\/div>\n<\/div>\n<div class=\"vc_separator wpb_content_element vc_separator_align_center vc_sep_width_100 vc_sep_pos_align_center vc_sep_color_grey vc_separator-has-text\"><\/div>\n<p>[\/vc_column_text][vc_text_separator title=&#8221;CUANDO?&#8221;][vc_column_text]<strong><span class=\"\">Domingo, 05 de noviembre 2017<\/span><\/strong><br \/>\n<span class=\"\">La inscripci\u00f3n para\u00a0<\/span><strong><span class=\"\">los corredores<\/span><\/strong><span class=\"\">\u00a0comienza a las 6:00 AM\u00a0<\/span><br \/>\n<span class=\"\">La inscripci\u00f3n para\u00a0<\/span><strong><span class=\"\">los caminantes<\/span><\/strong><span class=\"\">\u00a0comienza a las 7:00 AM\u00a0<\/span><br \/>\n<span class=\"\">5K comienza a las 7:30 AM\u00a0<\/span><br \/>\n<span class=\"\">milagro paseo comienza a las 9:00 AM<\/span>[\/vc_column_text][vc_text_separator title=&#8221;DONDE?&#8221;][vc_column_text]<span class=\"\">Coral Gables City Hall\u00a0<\/span><br \/>\n<span class=\"\">405 Biltmore Way\u00a0<\/span><br \/>\n<span class=\"\">Coral Gables, FL 33134<\/span>[\/vc_column_text][vc_text_separator title=&#8221;POR QU\u00c9?&#8221;][vc_column_text]Las donaciones benefician a la Asociaci\u00f3n de s\u00edndrome de Miami, una organizaci\u00f3n caritativa 501 (c) 3 sin fines de lucro cuyo objetivo es proporcionar apoyo y servicios a las personas con s\u00edndrome de Down y sus familias en toda la comunidad de Miami-Dade.<br \/>\n[\/vc_column_text][vc_text_separator title=&#8221;COSTOS&#8221;][vc_column_text]<span class=\"\">$ 30 en anticipaci\u00f3n a correr la milla\u00a0<\/span><br \/>\n<span class=\"\">($40 d\u00eda del evento).<\/span>[\/vc_column_text][vc_column_text]<span class=\"\">$ 20 por adelantado a caminar la milla\u00a0<\/span><br \/>\n<span class=\"\">($30 d\u00eda del evento).<\/span>[\/vc_column_text][vc_text_separator title=&#8221;HORAS DE SERVICIOS&#8221;][vc_column_text]<\/p>\n<div class=\"wpb_text_column wpb_content_element \">\n<div class=\"wpb_wrapper\">\n<p>Los estudiantes registrados para correr o caminar recibir\u00e1 horas de servicio.<\/p>\n<\/div>\n<\/div>\n<p>[\/vc_column_text][vc_text_separator title=&#8221;INFO&#8221;][vc_column_text]Visitenos en\u00a0<a href=\"https:\/\/dsaom.org\/stagingsite\/\">www.dsaom.org<\/a> para obtener m\u00e1s informaci\u00f3n, registrar y hacer una donaci\u00f3n o enviar un correo electr\u00f3nico a\u00a0<a href=\"mailto:info@dsaom.org\">info@dsaom.org<\/a>[\/vc_column_text][vc_text_separator title=&#8221;MISI\u00d3N&#8221;][vc_column_text]La misi\u00f3n de la Asociaci\u00f3n de Down Syndrome de Miami es educar a la comunidad de Miami-Dade acerca del s\u00edndrome de Down y promover la aceptaci\u00f3n positiva de los individuos que viven con el s\u00edndrome de Down. Nos esforzamos por ilustrar que vivir, aprender y trabajar con individuos con s\u00edndrome de Down es una parte natural de la vida diaria de cada persona en nuestra comunidad. \u00a1 celebramos cada vida que nace con el s\u00edndrome de Down!<br \/>\n[\/vc_column_text][vc_empty_space height=&#8221;20px&#8221;][vc_custom_heading text=&#8221;Para comprobar los resultados de nuestros corredores de nuestra caminata milagrosa 2016, haga clic en el bot\u00f3n de abajo:&#8221; font_container=&#8221;tag:h2|text_align:center|color:%23dd3333&#8243; google_fonts=&#8221;font_family:Lato%3A100%2C100italic%2C300%2C300italic%2Cregular%2Citalic%2C700%2C700italic%2C900%2C900italic|font_style:400%20regular%3A400%3Anormal&#8221; link=&#8221;url:http%3A%2F%2Fwww.splitsecondtiming.com%2Fresults%2F2016%2Fmir2016.php||target:%20_blank&#8221;][vc_btn title=&#8221;RESULTADOS&#8221; color=&#8221;black&#8221; align=&#8221;center&#8221; link=&#8221;url:http%3A%2F%2Fwww.splitsecondtiming.com%2Fresults%2F2016%2Fmir2016.php||target:%20_blank&#8221;][vc_empty_space height=&#8221;20px&#8221;][vc_single_image image=&#8221;7799&#8243; img_size=&#8221;full&#8221; alignment=&#8221;center&#8221;][\/vc_column][\/vc_row]<\/p>\n","protected":false},"excerpt":{"rendered":"<p>[vc_row][vc_column][vc_empty_space height=&#8221;20px&#8221;][\/vc_column][\/vc_row][vc_row][vc_column][vc_column_text] Comprueba los resultados de la caminata milagrosa 2017. [\/vc_column_text][vc_empty_space height=&#8221;40px&#8221;][vc_single_image image=&#8221;8134&#8243; img_size=&#8221;full&#8221; alignment=&#8221;center&#8221;][vc_text_separator title=&#8221;QU\u00c9?&#8221;][vc_column_text] 11 \u00aa edici\u00f3n de milagro Walk y cuarto anual 5k disfrutar de la comida [&hellip;]<\/p>\n","protected":false},"author":1,"featured_media":0,"parent":9343,"menu_order":0,"comment_status":"closed","ping_status":"closed","template":"","meta":{"give_campaign_id":0,"nf_dc_page":"","footnotes":""},"class_list":["post-9267","page","type-page","status-publish","hentry"],"acf":[],"yoast_head":"<!-- This site is optimized with the Yoast SEO plugin v27.6 - https:\/\/yoast.com\/product\/yoast-seo-wordpress\/ -->\n<title>Caminata Milagrosa - dsaom.org<\/title>\n<meta name=\"robots\" content=\"index, follow, max-snippet:-1, max-image-preview:large, max-video-preview:-1\" \/>\n<link rel=\"canonical\" href=\"https:\/\/dsaom.org\/es\/proximos-eventos\/caminata-milagrosa\/\" \/>\n<meta property=\"og:locale\" content=\"es_ES\" \/>\n<meta property=\"og:type\" content=\"article\" \/>\n<meta property=\"og:title\" content=\"Caminata Milagrosa - dsaom.org\" \/>\n<meta property=\"og:description\" content=\"[vc_row][vc_column][vc_empty_space height=&#8221;20px&#8221;][\/vc_column][\/vc_row][vc_row][vc_column][vc_column_text] Comprueba los resultados de la caminata milagrosa 2017. [\/vc_column_text][vc_empty_space height=&#8221;40px&#8221;][vc_single_image image=&#8221;8134&#8243; img_size=&#8221;full&#8221; alignment=&#8221;center&#8221;][vc_text_separator title=&#8221;QU\u00c9?&#8221;][vc_column_text] 11 \u00aa edici\u00f3n de milagro Walk y cuarto anual 5k disfrutar de la comida [&hellip;]\" \/>\n<meta property=\"og:url\" content=\"https:\/\/dsaom.org\/es\/proximos-eventos\/caminata-milagrosa\/\" \/>\n<meta property=\"og:site_name\" content=\"dsaom.org\" \/>\n<meta name=\"twitter:card\" content=\"summary_large_image\" \/>\n<meta name=\"twitter:label1\" content=\"Tiempo de lectura\" \/>\n\t<meta name=\"twitter:data1\" content=\"3 minutos\" \/>\n<script type=\"application\/ld+json\" class=\"yoast-schema-graph\">{\"@context\":\"https:\\\/\\\/schema.org\",\"@graph\":[{\"@type\":\"WebPage\",\"@id\":\"https:\\\/\\\/dsaom.org\\\/es\\\/proximos-eventos\\\/caminata-milagrosa\\\/\",\"url\":\"https:\\\/\\\/dsaom.org\\\/es\\\/proximos-eventos\\\/caminata-milagrosa\\\/\",\"name\":\"Caminata Milagrosa - dsaom.org\",\"isPartOf\":{\"@id\":\"https:\\\/\\\/dsaom.org\\\/#website\"},\"datePublished\":\"2018-09-08T15:38:14+00:00\",\"breadcrumb\":{\"@id\":\"https:\\\/\\\/dsaom.org\\\/es\\\/proximos-eventos\\\/caminata-milagrosa\\\/#breadcrumb\"},\"inLanguage\":\"es\",\"potentialAction\":[{\"@type\":\"ReadAction\",\"target\":[\"https:\\\/\\\/dsaom.org\\\/es\\\/proximos-eventos\\\/caminata-milagrosa\\\/\"]}]},{\"@type\":\"BreadcrumbList\",\"@id\":\"https:\\\/\\\/dsaom.org\\\/es\\\/proximos-eventos\\\/caminata-milagrosa\\\/#breadcrumb\",\"itemListElement\":[{\"@type\":\"ListItem\",\"position\":1,\"name\":\"Home\",\"item\":\"https:\\\/\\\/dsaom.org\\\/es\\\/\"},{\"@type\":\"ListItem\",\"position\":2,\"name\":\"Pr\u00f3ximos Eventos\",\"item\":\"https:\\\/\\\/dsaom.org\\\/es\\\/proximos-eventos\\\/\"},{\"@type\":\"ListItem\",\"position\":3,\"name\":\"Caminata Milagrosa\"}]},{\"@type\":\"WebSite\",\"@id\":\"https:\\\/\\\/dsaom.org\\\/#website\",\"url\":\"https:\\\/\\\/dsaom.org\\\/\",\"name\":\"dsaom.org\",\"description\":\"Down Syndrome Association of Miami\",\"potentialAction\":[{\"@type\":\"SearchAction\",\"target\":{\"@type\":\"EntryPoint\",\"urlTemplate\":\"https:\\\/\\\/dsaom.org\\\/?s={search_term_string}\"},\"query-input\":{\"@type\":\"PropertyValueSpecification\",\"valueRequired\":true,\"valueName\":\"search_term_string\"}}],\"inLanguage\":\"es\"}]}<\/script>\n<!-- \/ Yoast SEO plugin. -->","yoast_head_json":{"title":"Caminata Milagrosa - dsaom.org","robots":{"index":"index","follow":"follow","max-snippet":"max-snippet:-1","max-image-preview":"max-image-preview:large","max-video-preview":"max-video-preview:-1"},"canonical":"https:\/\/dsaom.org\/es\/proximos-eventos\/caminata-milagrosa\/","og_locale":"es_ES","og_type":"article","og_title":"Caminata Milagrosa - dsaom.org","og_description":"[vc_row][vc_column][vc_empty_space height=&#8221;20px&#8221;][\/vc_column][\/vc_row][vc_row][vc_column][vc_column_text] Comprueba los resultados de la caminata milagrosa 2017. [\/vc_column_text][vc_empty_space height=&#8221;40px&#8221;][vc_single_image image=&#8221;8134&#8243; img_size=&#8221;full&#8221; alignment=&#8221;center&#8221;][vc_text_separator title=&#8221;QU\u00c9?&#8221;][vc_column_text] 11 \u00aa edici\u00f3n de milagro Walk y cuarto anual 5k disfrutar de la comida [&hellip;]","og_url":"https:\/\/dsaom.org\/es\/proximos-eventos\/caminata-milagrosa\/","og_site_name":"dsaom.org","twitter_card":"summary_large_image","twitter_misc":{"Tiempo de lectura":"3 minutos"},"schema":{"@context":"https:\/\/schema.org","@graph":[{"@type":"WebPage","@id":"https:\/\/dsaom.org\/es\/proximos-eventos\/caminata-milagrosa\/","url":"https:\/\/dsaom.org\/es\/proximos-eventos\/caminata-milagrosa\/","name":"Caminata Milagrosa - dsaom.org","isPartOf":{"@id":"https:\/\/dsaom.org\/#website"},"datePublished":"2018-09-08T15:38:14+00:00","breadcrumb":{"@id":"https:\/\/dsaom.org\/es\/proximos-eventos\/caminata-milagrosa\/#breadcrumb"},"inLanguage":"es","potentialAction":[{"@type":"ReadAction","target":["https:\/\/dsaom.org\/es\/proximos-eventos\/caminata-milagrosa\/"]}]},{"@type":"BreadcrumbList","@id":"https:\/\/dsaom.org\/es\/proximos-eventos\/caminata-milagrosa\/#breadcrumb","itemListElement":[{"@type":"ListItem","position":1,"name":"Home","item":"https:\/\/dsaom.org\/es\/"},{"@type":"ListItem","position":2,"name":"Pr\u00f3ximos Eventos","item":"https:\/\/dsaom.org\/es\/proximos-eventos\/"},{"@type":"ListItem","position":3,"name":"Caminata Milagrosa"}]},{"@type":"WebSite","@id":"https:\/\/dsaom.org\/#website","url":"https:\/\/dsaom.org\/","name":"dsaom.org","description":"Down Syndrome Association of Miami","potentialAction":[{"@type":"SearchAction","target":{"@type":"EntryPoint","urlTemplate":"https:\/\/dsaom.org\/?s={search_term_string}"},"query-input":{"@type":"PropertyValueSpecification","valueRequired":true,"valueName":"search_term_string"}}],"inLanguage":"es"}]}},"campaignId":"","jetpack_sharing_enabled":true,"_links":{"self":[{"href":"https:\/\/dsaom.org\/es\/wp-json\/wp\/v2\/pages\/9267\/"}],"collection":[{"href":"https:\/\/dsaom.org\/es\/wp-json\/wp\/v2\/pages\/"}],"about":[{"href":"https:\/\/dsaom.org\/es\/wp-json\/wp\/v2\/types\/page\/"}],"author":[{"embeddable":true,"href":"https:\/\/dsaom.org\/es\/wp-json\/wp\/v2\/users\/1\/"}],"replies":[{"embeddable":true,"href":"https:\/\/dsaom.org\/es\/wp-json\/wp\/v2\/comments\/?post=9267"}],"version-history":[{"count":2,"href":"https:\/\/dsaom.org\/es\/wp-json\/wp\/v2\/pages\/9267\/revisions\/"}],"predecessor-version":[{"id":9274,"href":"https:\/\/dsaom.org\/es\/wp-json\/wp\/v2\/pages\/9267\/revisions\/9274\/"}],"up":[{"embeddable":true,"href":"https:\/\/dsaom.org\/es\/wp-json\/wp\/v2\/pages\/9343\/"}],"wp:attachment":[{"href":"https:\/\/dsaom.org\/es\/wp-json\/wp\/v2\/media\/?parent=9267"}],"curies":[{"name":"wp","href":"https:\/\/api.w.org\/{rel}","templated":true}]}}