{"id":9263,"date":"2018-09-08T11:07:32","date_gmt":"2018-09-08T15:07:32","guid":{"rendered":"https:\/\/dsaom.org\/stagingsite\/?page_id=9263"},"modified":"2018-09-08T11:07:32","modified_gmt":"2018-09-08T15:07:32","slug":"certificado-de-regalo","status":"publish","type":"page","link":"https:\/\/dsaom.org\/es\/programas\/certificado-de-regalo\/","title":{"rendered":"Certificado de Regalo"},"content":{"rendered":"<p>[vc_row][vc_column][vc_column_text]<\/p>\n<h3><strong>Bienvenido a la p\u00e1gina de registro del programa certificado de regalo de Down Syndrome Association of Miami!<\/strong><\/h3>\n<p class=\"p2\"><span class=\"s1\">Participa para ganar un certificado de regalo por valor de $ 300, que puede ser utilizado hacia la terapia f\u00edsica, ocupacional o del habla, tutor\u00eda u otro apoyo educativo.<\/span><\/p>\n<p class=\"p2\"><span class=\"s1\">Para recibir los subsidios que la persona a la que se otorga el certificado de regalo tiene un diagn\u00f3stico de s\u00edndrome de Down y actualmente reside en Miami-Dade. Los certificados de regalo no se otorgan a los individuos, sino que se otorgan directamente a los proveedores de servicios<\/span><\/p>\n<p>Cada mes publicaremos el nombre de los ganadores en nuestra <a href=\"https:\/\/www.facebook.com\/DownSyndromeMiami\/\" target=\"_blank\" rel=\"noopener noreferrer\">P\u00e1gina de Facebook<\/a> y en nuestra p\u00e1gina web. Por favor, tenga en cuenta que como ganador del sorteo de este mes, usted y \/ o su hijo no es elegible para ganar otro certificado de regalo hasta el siguiente a\u00f1o calendario, sin embargo, si usted sabe de cualquier otra familia que podr\u00edan beneficiarse de este certificado de regalo, hacerles saber que sorteos mensuales se siguen realizando aqu\u00ed.<\/p>\n<p class=\"p1\"><span class=\"s1\">Para una explicaci\u00f3n completa de todos los t\u00e9rminos y condiciones del Programa de Vale de compra, por favor revise nuestros <\/span><a href=\"https:\/\/dsaom.org\/stagingsite\/beta\/terms-conditions\/\" target=\"_blank\" rel=\"noopener noreferrer\">TERMINOS Y CONDICIONES<\/a>.<\/p>\n<p>Para cualquier pregunta, por favor contacte con nosotros en <a href=\"mailto:info@dsaom.org\" target=\"_blank\" rel=\"noopener noreferrer\">info@dsaom.org<\/a><\/p>\n<p><strong>GANADORES PASADOS:<\/strong><\/p>\n<p>Enero 2017:\u00a0Ashley chau and\u00a0Yianella Ponce<br \/>\nFebrero 2017:\u00a0Valentina Guerrero and\u00a0Gabriel Alaniz<\/p>\n<p>Julio 2017:\u00a0Joseph Paz and Gustavo de Oliveira<\/p>\n<p>[\/vc_column_text][vc_text_separator title=&#8221;Formulario de inscripci\u00f3n&#8221;][\/vc_column][\/vc_row]<\/p>\n","protected":false},"excerpt":{"rendered":"<p>[vc_row][vc_column][vc_column_text] Bienvenido a la p\u00e1gina de registro del programa certificado de regalo de Down Syndrome Association of Miami! Participa para ganar un certificado de regalo por valor de $ 300, [&hellip;]<\/p>\n","protected":false},"author":1,"featured_media":0,"parent":9333,"menu_order":0,"comment_status":"closed","ping_status":"closed","template":"","meta":{"give_campaign_id":0,"nf_dc_page":"","footnotes":""},"class_list":["post-9263","page","type-page","status-publish","hentry"],"acf":[],"yoast_head":"<!-- This site is optimized with the Yoast SEO plugin v27.4 - https:\/\/yoast.com\/product\/yoast-seo-wordpress\/ -->\n<title>Certificado de Regalo - dsaom.org<\/title>\n<meta name=\"robots\" content=\"index, follow, max-snippet:-1, max-image-preview:large, max-video-preview:-1\" \/>\n<link rel=\"canonical\" href=\"https:\/\/dsaom.org\/es\/programas\/certificado-de-regalo\/\" \/>\n<meta property=\"og:locale\" content=\"es_ES\" \/>\n<meta property=\"og:type\" content=\"article\" \/>\n<meta property=\"og:title\" content=\"Certificado de Regalo - dsaom.org\" \/>\n<meta property=\"og:description\" content=\"[vc_row][vc_column][vc_column_text] Bienvenido a la p\u00e1gina de registro del programa certificado de regalo de Down Syndrome Association of Miami! Participa para ganar un certificado de regalo por valor de $ 300, [&hellip;]\" \/>\n<meta property=\"og:url\" content=\"https:\/\/dsaom.org\/es\/programas\/certificado-de-regalo\/\" \/>\n<meta property=\"og:site_name\" content=\"dsaom.org\" \/>\n<meta name=\"twitter:card\" content=\"summary_large_image\" \/>\n<meta name=\"twitter:label1\" content=\"Tiempo de lectura\" \/>\n\t<meta name=\"twitter:data1\" content=\"1 minuto\" \/>\n<script type=\"application\/ld+json\" class=\"yoast-schema-graph\">{\"@context\":\"https:\\\/\\\/schema.org\",\"@graph\":[{\"@type\":\"WebPage\",\"@id\":\"https:\\\/\\\/dsaom.org\\\/es\\\/programas\\\/certificado-de-regalo\\\/\",\"url\":\"https:\\\/\\\/dsaom.org\\\/es\\\/programas\\\/certificado-de-regalo\\\/\",\"name\":\"Certificado de Regalo - dsaom.org\",\"isPartOf\":{\"@id\":\"https:\\\/\\\/dsaom.org\\\/#website\"},\"datePublished\":\"2018-09-08T15:07:32+00:00\",\"breadcrumb\":{\"@id\":\"https:\\\/\\\/dsaom.org\\\/es\\\/programas\\\/certificado-de-regalo\\\/#breadcrumb\"},\"inLanguage\":\"es\",\"potentialAction\":[{\"@type\":\"ReadAction\",\"target\":[\"https:\\\/\\\/dsaom.org\\\/es\\\/programas\\\/certificado-de-regalo\\\/\"]}]},{\"@type\":\"BreadcrumbList\",\"@id\":\"https:\\\/\\\/dsaom.org\\\/es\\\/programas\\\/certificado-de-regalo\\\/#breadcrumb\",\"itemListElement\":[{\"@type\":\"ListItem\",\"position\":1,\"name\":\"Home\",\"item\":\"https:\\\/\\\/dsaom.org\\\/es\\\/\"},{\"@type\":\"ListItem\",\"position\":2,\"name\":\"Programas\",\"item\":\"https:\\\/\\\/dsaom.org\\\/es\\\/programas\\\/\"},{\"@type\":\"ListItem\",\"position\":3,\"name\":\"Certificado de Regalo\"}]},{\"@type\":\"WebSite\",\"@id\":\"https:\\\/\\\/dsaom.org\\\/#website\",\"url\":\"https:\\\/\\\/dsaom.org\\\/\",\"name\":\"dsaom.org\",\"description\":\"Down Syndrome Association of Miami\",\"potentialAction\":[{\"@type\":\"SearchAction\",\"target\":{\"@type\":\"EntryPoint\",\"urlTemplate\":\"https:\\\/\\\/dsaom.org\\\/?s={search_term_string}\"},\"query-input\":{\"@type\":\"PropertyValueSpecification\",\"valueRequired\":true,\"valueName\":\"search_term_string\"}}],\"inLanguage\":\"es\"}]}<\/script>\n<!-- \/ Yoast SEO plugin. -->","yoast_head_json":{"title":"Certificado de Regalo - dsaom.org","robots":{"index":"index","follow":"follow","max-snippet":"max-snippet:-1","max-image-preview":"max-image-preview:large","max-video-preview":"max-video-preview:-1"},"canonical":"https:\/\/dsaom.org\/es\/programas\/certificado-de-regalo\/","og_locale":"es_ES","og_type":"article","og_title":"Certificado de Regalo - dsaom.org","og_description":"[vc_row][vc_column][vc_column_text] Bienvenido a la p\u00e1gina de registro del programa certificado de regalo de Down Syndrome Association of Miami! Participa para ganar un certificado de regalo por valor de $ 300, [&hellip;]","og_url":"https:\/\/dsaom.org\/es\/programas\/certificado-de-regalo\/","og_site_name":"dsaom.org","twitter_card":"summary_large_image","twitter_misc":{"Tiempo de lectura":"1 minuto"},"schema":{"@context":"https:\/\/schema.org","@graph":[{"@type":"WebPage","@id":"https:\/\/dsaom.org\/es\/programas\/certificado-de-regalo\/","url":"https:\/\/dsaom.org\/es\/programas\/certificado-de-regalo\/","name":"Certificado de Regalo - dsaom.org","isPartOf":{"@id":"https:\/\/dsaom.org\/#website"},"datePublished":"2018-09-08T15:07:32+00:00","breadcrumb":{"@id":"https:\/\/dsaom.org\/es\/programas\/certificado-de-regalo\/#breadcrumb"},"inLanguage":"es","potentialAction":[{"@type":"ReadAction","target":["https:\/\/dsaom.org\/es\/programas\/certificado-de-regalo\/"]}]},{"@type":"BreadcrumbList","@id":"https:\/\/dsaom.org\/es\/programas\/certificado-de-regalo\/#breadcrumb","itemListElement":[{"@type":"ListItem","position":1,"name":"Home","item":"https:\/\/dsaom.org\/es\/"},{"@type":"ListItem","position":2,"name":"Programas","item":"https:\/\/dsaom.org\/es\/programas\/"},{"@type":"ListItem","position":3,"name":"Certificado de Regalo"}]},{"@type":"WebSite","@id":"https:\/\/dsaom.org\/#website","url":"https:\/\/dsaom.org\/","name":"dsaom.org","description":"Down Syndrome Association of Miami","potentialAction":[{"@type":"SearchAction","target":{"@type":"EntryPoint","urlTemplate":"https:\/\/dsaom.org\/?s={search_term_string}"},"query-input":{"@type":"PropertyValueSpecification","valueRequired":true,"valueName":"search_term_string"}}],"inLanguage":"es"}]}},"campaignId":"","jetpack_sharing_enabled":true,"_links":{"self":[{"href":"https:\/\/dsaom.org\/es\/wp-json\/wp\/v2\/pages\/9263\/"}],"collection":[{"href":"https:\/\/dsaom.org\/es\/wp-json\/wp\/v2\/pages\/"}],"about":[{"href":"https:\/\/dsaom.org\/es\/wp-json\/wp\/v2\/types\/page\/"}],"author":[{"embeddable":true,"href":"https:\/\/dsaom.org\/es\/wp-json\/wp\/v2\/users\/1\/"}],"replies":[{"embeddable":true,"href":"https:\/\/dsaom.org\/es\/wp-json\/wp\/v2\/comments\/?post=9263"}],"version-history":[{"count":3,"href":"https:\/\/dsaom.org\/es\/wp-json\/wp\/v2\/pages\/9263\/revisions\/"}],"predecessor-version":[{"id":9266,"href":"https:\/\/dsaom.org\/es\/wp-json\/wp\/v2\/pages\/9263\/revisions\/9266\/"}],"up":[{"embeddable":true,"href":"https:\/\/dsaom.org\/es\/wp-json\/wp\/v2\/pages\/9333\/"}],"wp:attachment":[{"href":"https:\/\/dsaom.org\/es\/wp-json\/wp\/v2\/media\/?parent=9263"}],"curies":[{"name":"wp","href":"https:\/\/api.w.org\/{rel}","templated":true}]}}