{"id":9244,"date":"2018-09-08T09:50:06","date_gmt":"2018-09-08T13:50:06","guid":{"rendered":"https:\/\/dsaom.org\/stagingsite\/?page_id=9244"},"modified":"2018-09-08T09:51:27","modified_gmt":"2018-09-08T13:51:27","slug":"contactanos","status":"publish","type":"page","link":"https:\/\/dsaom.org\/es\/contactanos\/","title":{"rendered":"Contactanos"},"content":{"rendered":"<p>[vc_row el_position=&#8221;first last&#8221;][vc_column width=&#8221;1\/2&#8243;][vc_column_text el_position=&#8221;first last&#8221;]<\/p>\n<h2>Cont\u00e1ctenos<\/h2>\n<div class=\"wpcf7 no-js\" id=\"wpcf7-f9247-o1\" lang=\"en-US\" dir=\"ltr\" data-wpcf7-id=\"9247\">\n<div class=\"screen-reader-response\"><p role=\"status\" aria-live=\"polite\" aria-atomic=\"true\"><\/p> <ul><\/ul><\/div>\n<form action=\"\/es\/wp-json\/wp\/v2\/pages\/9244\/#wpcf7-f9247-o1\" method=\"post\" class=\"wpcf7-form init\" aria-label=\"Formulario de contacto\" novalidate=\"novalidate\" data-status=\"init\">\n<fieldset class=\"hidden-fields-container\"><input type=\"hidden\" name=\"_wpcf7\" value=\"9247\" \/><input type=\"hidden\" name=\"_wpcf7_version\" value=\"6.1.5\" \/><input type=\"hidden\" name=\"_wpcf7_locale\" value=\"en_US\" \/><input type=\"hidden\" name=\"_wpcf7_unit_tag\" value=\"wpcf7-f9247-o1\" \/><input type=\"hidden\" name=\"_wpcf7_container_post\" value=\"0\" \/><input type=\"hidden\" name=\"_wpcf7_posted_data_hash\" value=\"\" \/>\n<\/fieldset>\n<p>Por favor seleccione de uno de los siguientes: (requerido)\n<\/p>\n<p><span class=\"wpcf7-form-control-wrap\" data-name=\"Pleaseselectfromoneofthefollowing:\"><select class=\"wpcf7-form-control wpcf7-select wpcf7-validates-as-required\" aria-required=\"true\" aria-invalid=\"false\" name=\"Pleaseselectfromoneofthefollowing:\"><option value=\"I&#039;m interested in therapies \/ Certificate information\">I&#039;m interested in therapies \/ Certificate information<\/option><option value=\"I&#039;m interested in Educational information\">I&#039;m interested in Educational information<\/option><option value=\"I&#039;m interested in Special Events information\">I&#039;m interested in Special Events information<\/option><option value=\"I&#039;m interested in General information\">I&#039;m interested in General information<\/option><option value=\"I&#039;m interested in Volunteering\">I&#039;m interested in Volunteering<\/option><option value=\"Estoy interesado en informaci\u00f3n en Espa\u00f1ol\">Estoy interesado en informaci\u00f3n en Espa\u00f1ol<\/option><\/select><\/span>\n<\/p>\n<p>Tu Nombre (required)\n<\/p>\n<p><span class=\"wpcf7-form-control-wrap\" data-name=\"your-name\"><input size=\"40\" maxlength=\"400\" class=\"wpcf7-form-control wpcf7-text wpcf7-validates-as-required\" aria-required=\"true\" aria-invalid=\"false\" value=\"\" type=\"text\" name=\"your-name\" \/><\/span>\n<\/p>\n<p>Tu Email (required)\n<\/p>\n<p><span class=\"wpcf7-form-control-wrap\" data-name=\"your-email\"><input size=\"40\" maxlength=\"400\" class=\"wpcf7-form-control wpcf7-email wpcf7-validates-as-required wpcf7-text wpcf7-validates-as-email\" aria-required=\"true\" aria-invalid=\"false\" value=\"\" type=\"email\" name=\"your-email\" \/><\/span>\n<\/p>\n<p>Asunto\n<\/p>\n<p><span class=\"wpcf7-form-control-wrap\" data-name=\"your-subject\"><input size=\"40\" maxlength=\"400\" class=\"wpcf7-form-control wpcf7-text\" aria-invalid=\"false\" value=\"\" type=\"text\" name=\"your-subject\" \/><\/span>\n<\/p>\n<p>Tu mensaje\n<\/p>\n<p><span class=\"wpcf7-form-control-wrap\" data-name=\"your-message\"><textarea cols=\"40\" rows=\"10\" maxlength=\"2000\" class=\"wpcf7-form-control wpcf7-textarea\" aria-invalid=\"false\" name=\"your-message\"><\/textarea><\/span>\n<\/p>\n<p><input class=\"wpcf7-form-control wpcf7-submit has-spinner\" type=\"submit\" value=\"Enviar\" \/>\n<\/p><div class=\"wpcf7-response-output\" aria-hidden=\"true\"><\/div>\n<\/form>\n<\/div>\n[\/vc_column_text][\/vc_column][vc_column width=&#8221;1\/2&#8243;][vc_column_text el_position=&#8221;first&#8221;]<\/p>\n<div class=\"wpb_text_column wpb_content_element \">\n<div class=\"wpb_wrapper\">\n<h3><span class=\"\">Envianos un email<\/span><\/h3>\n<p>General:\u00a0<a href=\"mailto:info@dsaom.org\">info@dsaom.org<\/a><\/p>\n<h3>Danos un anillo<\/h3>\n<p>(305) 218-8233 tel\u00e9fono<\/p>\n<h3>Nuestra direcci\u00f3n<\/h3>\n<p>Asociaci\u00f3n S\u00edndrome de Down de Miami<br \/>\nPO Box 43-0895<br \/>\nSouth Miami, FL 33243<\/p>\n<\/div>\n<\/div>\n<p>[\/vc_column_text][vc_single_image image=&#8221;7221&#8243; img_size=&#8221;medium&#8221;][\/vc_column][\/vc_row]<\/p>\n","protected":false},"excerpt":{"rendered":"<p>[vc_row el_position=&#8221;first last&#8221;][vc_column width=&#8221;1\/2&#8243;][vc_column_text el_position=&#8221;first last&#8221;] Cont\u00e1ctenos [\/vc_column_text][\/vc_column][vc_column width=&#8221;1\/2&#8243;][vc_column_text el_position=&#8221;first&#8221;] Envianos un email General:\u00a0info@dsaom.org Danos un anillo (305) 218-8233 tel\u00e9fono Nuestra direcci\u00f3n Asociaci\u00f3n S\u00edndrome de Down de Miami PO Box [&hellip;]<\/p>\n","protected":false},"author":1,"featured_media":0,"parent":0,"menu_order":0,"comment_status":"open","ping_status":"closed","template":"","meta":{"give_campaign_id":0,"nf_dc_page":"","footnotes":""},"class_list":["post-9244","page","type-page","status-publish","hentry"],"acf":[],"yoast_head":"<!-- This site is optimized with the Yoast SEO plugin v27.4 - https:\/\/yoast.com\/product\/yoast-seo-wordpress\/ -->\n<title>Contactanos - dsaom.org<\/title>\n<meta name=\"robots\" content=\"index, follow, max-snippet:-1, max-image-preview:large, max-video-preview:-1\" \/>\n<link rel=\"canonical\" href=\"https:\/\/dsaom.org\/es\/contactanos\/\" \/>\n<meta property=\"og:locale\" content=\"es_ES\" \/>\n<meta property=\"og:type\" content=\"article\" \/>\n<meta property=\"og:title\" content=\"Contactanos - dsaom.org\" \/>\n<meta property=\"og:description\" content=\"[vc_row el_position=&#8221;first last&#8221;][vc_column width=&#8221;1\/2&#8243;][vc_column_text el_position=&#8221;first last&#8221;] Cont\u00e1ctenos [\/vc_column_text][\/vc_column][vc_column width=&#8221;1\/2&#8243;][vc_column_text el_position=&#8221;first&#8221;] Envianos un email General:\u00a0info@dsaom.org Danos un anillo (305) 218-8233 tel\u00e9fono Nuestra direcci\u00f3n Asociaci\u00f3n S\u00edndrome de Down de Miami PO Box [&hellip;]\" \/>\n<meta property=\"og:url\" content=\"https:\/\/dsaom.org\/es\/contactanos\/\" \/>\n<meta property=\"og:site_name\" content=\"dsaom.org\" \/>\n<meta property=\"article:modified_time\" content=\"2018-09-08T13:51:27+00:00\" \/>\n<meta name=\"twitter:card\" content=\"summary_large_image\" \/>\n<script type=\"application\/ld+json\" class=\"yoast-schema-graph\">{\"@context\":\"https:\\\/\\\/schema.org\",\"@graph\":[{\"@type\":\"WebPage\",\"@id\":\"https:\\\/\\\/dsaom.org\\\/es\\\/contactanos\\\/\",\"url\":\"https:\\\/\\\/dsaom.org\\\/es\\\/contactanos\\\/\",\"name\":\"Contactanos - dsaom.org\",\"isPartOf\":{\"@id\":\"https:\\\/\\\/dsaom.org\\\/#website\"},\"datePublished\":\"2018-09-08T13:50:06+00:00\",\"dateModified\":\"2018-09-08T13:51:27+00:00\",\"breadcrumb\":{\"@id\":\"https:\\\/\\\/dsaom.org\\\/es\\\/contactanos\\\/#breadcrumb\"},\"inLanguage\":\"es\",\"potentialAction\":[{\"@type\":\"ReadAction\",\"target\":[\"https:\\\/\\\/dsaom.org\\\/es\\\/contactanos\\\/\"]}]},{\"@type\":\"BreadcrumbList\",\"@id\":\"https:\\\/\\\/dsaom.org\\\/es\\\/contactanos\\\/#breadcrumb\",\"itemListElement\":[{\"@type\":\"ListItem\",\"position\":1,\"name\":\"Home\",\"item\":\"https:\\\/\\\/dsaom.org\\\/es\\\/\"},{\"@type\":\"ListItem\",\"position\":2,\"name\":\"Contactanos\"}]},{\"@type\":\"WebSite\",\"@id\":\"https:\\\/\\\/dsaom.org\\\/#website\",\"url\":\"https:\\\/\\\/dsaom.org\\\/\",\"name\":\"dsaom.org\",\"description\":\"Down Syndrome Association of Miami\",\"potentialAction\":[{\"@type\":\"SearchAction\",\"target\":{\"@type\":\"EntryPoint\",\"urlTemplate\":\"https:\\\/\\\/dsaom.org\\\/?s={search_term_string}\"},\"query-input\":{\"@type\":\"PropertyValueSpecification\",\"valueRequired\":true,\"valueName\":\"search_term_string\"}}],\"inLanguage\":\"es\"}]}<\/script>\n<!-- \/ Yoast SEO plugin. -->","yoast_head_json":{"title":"Contactanos - dsaom.org","robots":{"index":"index","follow":"follow","max-snippet":"max-snippet:-1","max-image-preview":"max-image-preview:large","max-video-preview":"max-video-preview:-1"},"canonical":"https:\/\/dsaom.org\/es\/contactanos\/","og_locale":"es_ES","og_type":"article","og_title":"Contactanos - dsaom.org","og_description":"[vc_row el_position=&#8221;first last&#8221;][vc_column width=&#8221;1\/2&#8243;][vc_column_text el_position=&#8221;first last&#8221;] Cont\u00e1ctenos [\/vc_column_text][\/vc_column][vc_column width=&#8221;1\/2&#8243;][vc_column_text el_position=&#8221;first&#8221;] Envianos un email General:\u00a0info@dsaom.org Danos un anillo (305) 218-8233 tel\u00e9fono Nuestra direcci\u00f3n Asociaci\u00f3n S\u00edndrome de Down de Miami PO Box [&hellip;]","og_url":"https:\/\/dsaom.org\/es\/contactanos\/","og_site_name":"dsaom.org","article_modified_time":"2018-09-08T13:51:27+00:00","twitter_card":"summary_large_image","schema":{"@context":"https:\/\/schema.org","@graph":[{"@type":"WebPage","@id":"https:\/\/dsaom.org\/es\/contactanos\/","url":"https:\/\/dsaom.org\/es\/contactanos\/","name":"Contactanos - dsaom.org","isPartOf":{"@id":"https:\/\/dsaom.org\/#website"},"datePublished":"2018-09-08T13:50:06+00:00","dateModified":"2018-09-08T13:51:27+00:00","breadcrumb":{"@id":"https:\/\/dsaom.org\/es\/contactanos\/#breadcrumb"},"inLanguage":"es","potentialAction":[{"@type":"ReadAction","target":["https:\/\/dsaom.org\/es\/contactanos\/"]}]},{"@type":"BreadcrumbList","@id":"https:\/\/dsaom.org\/es\/contactanos\/#breadcrumb","itemListElement":[{"@type":"ListItem","position":1,"name":"Home","item":"https:\/\/dsaom.org\/es\/"},{"@type":"ListItem","position":2,"name":"Contactanos"}]},{"@type":"WebSite","@id":"https:\/\/dsaom.org\/#website","url":"https:\/\/dsaom.org\/","name":"dsaom.org","description":"Down Syndrome Association of Miami","potentialAction":[{"@type":"SearchAction","target":{"@type":"EntryPoint","urlTemplate":"https:\/\/dsaom.org\/?s={search_term_string}"},"query-input":{"@type":"PropertyValueSpecification","valueRequired":true,"valueName":"search_term_string"}}],"inLanguage":"es"}]}},"campaignId":"","jetpack_sharing_enabled":true,"_links":{"self":[{"href":"https:\/\/dsaom.org\/es\/wp-json\/wp\/v2\/pages\/9244\/"}],"collection":[{"href":"https:\/\/dsaom.org\/es\/wp-json\/wp\/v2\/pages\/"}],"about":[{"href":"https:\/\/dsaom.org\/es\/wp-json\/wp\/v2\/types\/page\/"}],"author":[{"embeddable":true,"href":"https:\/\/dsaom.org\/es\/wp-json\/wp\/v2\/users\/1\/"}],"replies":[{"embeddable":true,"href":"https:\/\/dsaom.org\/es\/wp-json\/wp\/v2\/comments\/?post=9244"}],"version-history":[{"count":4,"href":"https:\/\/dsaom.org\/es\/wp-json\/wp\/v2\/pages\/9244\/revisions\/"}],"predecessor-version":[{"id":9250,"href":"https:\/\/dsaom.org\/es\/wp-json\/wp\/v2\/pages\/9244\/revisions\/9250\/"}],"wp:attachment":[{"href":"https:\/\/dsaom.org\/es\/wp-json\/wp\/v2\/media\/?parent=9244"}],"curies":[{"name":"wp","href":"https:\/\/api.w.org\/{rel}","templated":true}]}}