{"id":9223,"date":"2018-09-08T09:28:04","date_gmt":"2018-09-08T13:28:04","guid":{"rendered":"https:\/\/dsaom.org\/stagingsite\/?page_id=9223"},"modified":"2018-11-30T00:37:28","modified_gmt":"2018-11-30T05:37:28","slug":"nuestro-equipo","status":"publish","type":"page","link":"https:\/\/dsaom.org\/es\/nuestro-equipo\/","title":{"rendered":"Nuestro Equipo"},"content":{"rendered":"<p>[vc_row][vc_column width=&#8221;1\/2&#8243;][vc_custom_heading text=&#8221;Lilianne Rossel &#8211; Presidente&#8221; font_container=&#8221;tag:h3|text_align:left&#8221; google_fonts=&#8221;font_family:Open%20Sans%3A300%2C300italic%2Cregular%2Citalic%2C600%2C600italic%2C700%2C700italic%2C800%2C800italic|font_style:400%20regular%3A400%3Anormal&#8221;][vc_single_image image=&#8221;7792&#8243; img_size=&#8221;full&#8221;][\/vc_column][vc_column width=&#8221;1\/2&#8243;][vc_empty_space height=&#8221;45px&#8221;][vc_column_text]Lilianne Rossel naci\u00f3 en Cuba y se gradu\u00f3 de la Universidad en 1989 con un t\u00edtulo en ingenier\u00eda el\u00e9ctrica. Ella vino a los Estados Unidos en 1992 y vivi\u00f3 en Maryland por diez a\u00f1os en donde ella cas\u00f3 a Juan Rossel y ten\u00eda tres ni\u00f1os. Carolina naci\u00f3 en 1996 con Down Syndrome, Eric en 1997, y Antonio en 1999. Tanto Lily como Juan estuvieron muy involucrados con una organizaci\u00f3n local que proporcion\u00f3 grupos de apoyo y eventos de concienciaci\u00f3n en la comunidad.<\/p>\n<p>Lily y su familia se mudaron a Miami en diciembre de 2001. En 2002, conoci\u00f3 a una madre que ten\u00eda la misma visi\u00f3n de conectar a las familias de los ni\u00f1os con s\u00edndrome de Down en Miami-Dade. Una idea de un evento de picnic se organiz\u00f3 con el apoyo de las empresas locales y las familias que dieron lugar a un gran \u00e9xito. Unos a\u00f1os m\u00e1s tarde, en la reuni\u00f3n de otros padres con la misma visi\u00f3n, la asociaci\u00f3n fue creada con la misi\u00f3n de proveer apoyo, educaci\u00f3n y concientizaci\u00f3n en la comunidad.<\/p>\n<p><a href=\"mailto:lilianne@dsaom.org\">lilianne@dsaom.org<\/a><\/p>\n<p>.[\/vc_column_text][\/vc_column][\/vc_row][vc_row][vc_column width=&#8221;1\/2&#8243;][vc_empty_space height=&#8221;70px&#8221;][vc_column_text]Ayleen Pi\u00f1era-llano naci\u00f3 y creci\u00f3 en Miami, Florida. Asisti\u00f3 a la Universidad de Miami para los estudios de licenciatura y la Facultad de medicina de la Universidad de Miami, donde complet\u00f3 una residencia pedi\u00e1trica en el Hospital Jackson Memorial y actualmente est\u00e1 practicando Pediatr\u00eda en Miami.<\/p>\n<p>Ayleen est\u00e1 casada con Eduardo llano y tienen tres hijos juntos, Gabriella, Eduardo y Daniella. Cuando Daniella naci\u00f3 con s\u00edndrome de Down en 2003, Ayleen descubri\u00f3 que no hab\u00eda apoyo presente en la comunidad local de Miami y se sintieron muy &#8220;solos&#8221;. Poco despu\u00e9s del nacimiento de Daniella, Ayleen y un grupo de padres se reunieron y decidieron formar una organizaci\u00f3n local para apoyar a otras familias similares y aumentar la conciencia sobre el s\u00edndrome de Down en la comunidad.<\/p>\n<p><a href=\"mailto:ayleen@dsaom.org\">ayleen@dsaom.org<\/a>[\/vc_column_text][\/vc_column][vc_column width=&#8221;1\/2&#8243;][vc_custom_heading text=&#8221;Ayleen Pinera-Llano &#8211; VP&#8221; font_container=&#8221;tag:h3|text_align:right&#8221; google_fonts=&#8221;font_family:Open%20Sans%3A300%2C300italic%2Cregular%2Citalic%2C600%2C600italic%2C700%2C700italic%2C800%2C800italic|font_style:400%20regular%3A400%3Anormal&#8221;][vc_single_image image=&#8221;8869&#8243; img_size=&#8221;full&#8221;][\/vc_column][\/vc_row][vc_row][vc_column width=&#8221;1\/2&#8243;][vc_custom_heading text=&#8221;Nick Guti\u00e9rrez &#8211; Director&#8221; font_container=&#8221;tag:h3|text_align:left&#8221; google_fonts=&#8221;font_family:Open%20Sans%3A300%2C300italic%2Cregular%2Citalic%2C600%2C600italic%2C700%2C700italic%2C800%2C800italic|font_style:400%20regular%3A400%3Anormal&#8221;][vc_single_image image=&#8221;7752&#8243; img_size=&#8221;full&#8221;][\/vc_column][vc_column width=&#8221;1\/2&#8243;][vc_empty_space height=&#8221;70px&#8221;][vc_column_text]Nicol\u00e1s J. Guti\u00e9rrez, Jr., Esq. Es socio fundador de Guti\u00e9rrez, Zarraluqui y Franco LLP. El se\u00f1or Guti\u00e9rrez concentra su pr\u00e1ctica en la prestaci\u00f3n de asesoramiento jur\u00eddico a los clientes para las transacciones comerciales internacionales entrantes y salientes, con \u00e9nfasis en Am\u00e9rica Latina. Tiene una amplia experiencia en las relaciones corporativas, gubernamentales, las reclamaciones de propiedad confiscadas, el comercio internacional, la financiaci\u00f3n y el control de activos asuntos reglamentarios.<\/p>\n<p>El Sr. Guti\u00e9rrez es miembro del Tribunal Supremo de los Estados Unidos y ha recibido una calificaci\u00f3n de &#8220;a-V&#8221; de Martindale Hubbell, que es la distinci\u00f3n profesional m\u00e1s alta obtenida por los abogados. El Sr. Guti\u00e9rrez es graduado de la Universidad de Miami (B.A., cum laude, 1985) y recibi\u00f3 su t\u00edtulo de abogado en el centro de derecho de la Universidad de Georgetown (J.D., 1988).<\/p>\n<p><a href=\"mailto:nick@dsaom.org\">nick@dsaom.org<\/a>[\/vc_column_text][\/vc_column][\/vc_row][vc_row][vc_column width=&#8221;1\/2&#8243;][vc_empty_space height=&#8221;70px&#8221;][vc_column_text]<\/p>\n<p class=\"p1\"><span class=\"s1\">Krystina Jiron es la orgullosa madre de 3 hijos. Es accionista de la firma de abogados de Atkinson &amp; Brownell, P.A. en Miami, Florida. Practica en las \u00e1reas de defensa de seguros, cobertura de seguros, mala fe y litigios por defectos de construcci\u00f3n. Es miembro del bar de la Florida, el Colegio de abogados del Condado de Dade, incluyendo la secci\u00f3n de Young Lawyers, y la Asociaci\u00f3n de bares cubano-americanos. Tambi\u00e9n es admitida a ejercer ante los tribunales de distrito de los distritos meridional, medio y norte de la Florida y ha argumentado ante el Tribunal de Apelaciones del tercer distrito.<\/span><\/p>\n<p>Krystina Jiron recibi\u00f3 su licenciatura en ciencias pol\u00edticas y filosof\u00eda de la Universidad Loyola de Nueva Orleans, gradu\u00e1ndose cum laude en 2001. Recibi\u00f3 su doctorado en la Facultad de derecho de la Universidad de Villanova en 2004. Mientras estaba en la escuela de derecho, Krystina fue el Director Ejecutivo de obras externas para la revista de derecho de deportes y entretenimiento de Villanova y fue miembro del 2002 de Jessup, el equipo internacional de la corte discutible.<\/p>\n<p><a href=\"mailto:krystina@dsaom.org\">krystina@dsaom.org<\/a>[\/vc_column_text][\/vc_column][vc_column width=&#8221;1\/2&#8243;][vc_custom_heading text=&#8221;Krystina Jiron &#8211; Consejero&#8221; font_container=&#8221;tag:h3|text_align:right&#8221; google_fonts=&#8221;font_family:Open%20Sans%3A300%2C300italic%2Cregular%2Citalic%2C600%2C600italic%2C700%2C700italic%2C800%2C800italic|font_style:400%20regular%3A400%3Anormal&#8221;][vc_single_image image=&#8221;8870&#8243; img_size=&#8221;full&#8221;][\/vc_column][\/vc_row][vc_row][vc_column width=&#8221;1\/2&#8243;][vc_custom_heading text=&#8221;Marta Noa &#8211; Relaciones Comunitarias&#8221; font_container=&#8221;tag:h3|text_align:left&#8221; google_fonts=&#8221;font_family:Open%20Sans%3A300%2C300italic%2Cregular%2Citalic%2C600%2C600italic%2C700%2C700italic%2C800%2C800italic|font_style:400%20regular%3A400%3Anormal&#8221;][vc_single_image image=&#8221;7851&#8243; img_size=&#8221;full&#8221;][\/vc_column][vc_column width=&#8221;1\/2&#8243;][vc_column_text]Marta Noa tiene una pasi\u00f3n por ayudar y ense\u00f1ar a los estudiantes con necesidades especiales. Ella es una maestra de educaci\u00f3n especial con el Sistema de Escuelas P\u00fablicas de Miami-Dade. Marta obtuvo una licenciatura en Educaci\u00f3n de la Universidad Nova Southeastern y un t\u00edtulo de grado en Educaci\u00f3n Urbana de la Universidad Internacional de Florida. Tiene un estado de la Florida Certificaci\u00f3n en Educaci\u00f3n Especial K hasta el grado 12.<\/p>\n<p>Anteriormente, Marta ocup\u00f3 el cargo de Educador de la Salud y la Cl\u00ednica de Enlace de la Universidad de Miami Escuela de Medicina de Sylvester Comprehensive Cancer Center ense\u00f1ar a las mujeres en los centros de salud de la comunidad la importancia de la auto-ex\u00e1menes y los factores de riesgo a trav\u00e9s del condado de Miami-Dade con la Unidad M\u00f3vil de Mamograf\u00eda.<\/p>\n<p>En 2002, su hija Sophia naci\u00f3 con s\u00edndrome de Down. Ella se involucr\u00f3 con un grupo de madres que tambi\u00e9n ten\u00edan los ni\u00f1os con s\u00edndrome de Down que m\u00e1s tarde se organizaron como la Asociaci\u00f3n S\u00edndrome de Down de Miami en 2006.<\/p>\n<p>Marta es miembro de la junta de la Asociaci\u00f3n S\u00edndrome de Down de Miami y reside en Miami con sus 3 hijas, Isabella y Anais que son gemelos, y Sophia.<\/p>\n<p><a href=\"mailto:marta@dsaom.org\">marta@dsaom.org<\/a>[\/vc_column_text][\/vc_column][\/vc_row][vc_row][vc_column width=&#8221;1\/2&#8243;][vc_empty_space height=&#8221;70px&#8221;][vc_column_text]Clara Guti\u00e9rrez de Castro es madre de tres hijos: Nicol\u00e1s, Cristina, y Elisa. Cuando Elisa naci\u00f3 con s\u00edndrome de Down en 2003, sinti\u00f3 que hab\u00eda una necesidad de apoyo en la comunidad para los ni\u00f1os y las familias de s\u00edndrome de Down. Clara se uni\u00f3 a otros padres, que se sent\u00edan de la misma manera, en la creaci\u00f3n del DSAOM.<\/p>\n<p>Clara es un graduado de la Universidad de Miami, con un t\u00edtulo en Administraci\u00f3n de Empresas, especializado en Finanzas y Marketing Internacional. Ella es una asistente del vicepresidente con un gran Internacional Private Bank en Miami.<\/p>\n<p>clara@dsaom.org[\/vc_column_text][\/vc_column][vc_column width=&#8221;1\/2&#8243;][vc_custom_heading text=&#8221;Clara Guti\u00e9rrez De Castro &#8211; Co-Tesorero&#8221; font_container=&#8221;tag:h3|text_align:right&#8221; google_fonts=&#8221;font_family:Open%20Sans%3A300%2C300italic%2Cregular%2Citalic%2C600%2C600italic%2C700%2C700italic%2C800%2C800italic|font_style:400%20regular%3A400%3Anormal&#8221;][vc_single_image image=&#8221;7751&#8243; img_size=&#8221;full&#8221;][\/vc_column][\/vc_row][vc_row][vc_column width=&#8221;1\/2&#8243;][vc_custom_heading text=&#8221;Lillian Perez-Poveda &#8211; Alcance a la Comunidad \/ Co-Tesorero&#8221; font_container=&#8221;tag:h3|text_align:left&#8221; google_fonts=&#8221;font_family:Open%20Sans%3A300%2C300italic%2Cregular%2Citalic%2C600%2C600italic%2C700%2C700italic%2C800%2C800italic|font_style:400%20regular%3A400%3Anormal&#8221;][vc_single_image image=&#8221;5876&#8243; img_size=&#8221;full&#8221;][\/vc_column][vc_column width=&#8221;1\/2&#8243;][vc_empty_space height=&#8221;70px&#8221;][vc_column_text]Lillian P\u00e9rez-Poveda naci\u00f3 en Cuba y creci\u00f3 en Georgia. Es graduada de la Universidad de Georgia con una licenciatura en Psicolog\u00eda. Se traslad\u00f3 a Florida para seguir una carrera con las l\u00edneas a\u00e9reas donde trabaj\u00f3 durante 15 a\u00f1os hasta el nacimiento de sus hijas. Ella ahora est\u00e1 muy ocupada siendo una Mam\u00e1 de casa.<\/p>\n<p>Lillian se uni\u00f3 a la nueva asociaci\u00f3n de formaci\u00f3n despu\u00e9s de que su tercera hija naciera con s\u00edndrome de Down. Ella se dedica a dar la bienvenida a los nuevos beb\u00e9s nacidos con s\u00edndrome de Down y ayudar a las familias con recursos y redes sociales.<\/p>\n<p><a href=\"mailto:lilian@dsaom.org\">lilian@dsaom.org<\/a>[\/vc_column_text][\/vc_column][\/vc_row][vc_row][vc_column width=&#8221;1\/2&#8243;][vc_custom_heading text=&#8221;Jorge van Balen &#8211; Program Coordinator&#8221; font_container=&#8221;tag:h3|text_align:left&#8221; google_fonts=&#8221;font_family:Open%20Sans%3A300%2C300italic%2Cregular%2Citalic%2C600%2C600italic%2C700%2C700italic%2C800%2C800italic|font_style:400%20regular%3A400%3Anormal&#8221;][vc_single_image image=&#8221;7889&#8243; img_size=&#8221;full&#8221;][\/vc_column][vc_column width=&#8221;1\/2&#8243;][vc_empty_space height=&#8221;70px&#8221;][vc_column_text]Jorge van Balen, padre del atleta de Olimpiadas Especiales Valeria van Balen, ha sido un Coordinador del Programa para la nataci\u00f3n Programa de clases de necesidades especiales durante 6 a\u00f1os ..<\/p>\n<p>A lo largo de su vida, Jorge ha adquirido una tremenda cantidad de experiencia en el campo de la nataci\u00f3n. \u00c9l compiti\u00f3 en \u201cLos Juegos de la XX Olimpiada\u201d, celebrada en Munich, Alemania, el a\u00f1o 1972, lo que representa el pa\u00eds de Venezuela.<\/p>\n<p>Tambi\u00e9n fue un director y monitor de nataci\u00f3n durante 10 a\u00f1os en Van Balen Academia de Nataci\u00f3n en la ciudad de Maracaibo, Venezuela. La otra pasi\u00f3n de Jorge se encuentra en Enolog\u00eda \/ Food Chemistry.<\/p>\n<p>Recibi\u00f3 un master en Enolog\u00eda \/ Qu\u00edmica de los Alimentos de la Universidad de California, Davis. En la actualidad es un agente de exportaci\u00f3n en una empresa de equipos de la industria pesada con sede en Miami, FL.[\/vc_column_text][\/vc_column][\/vc_row]<\/p>\n","protected":false},"excerpt":{"rendered":"<p>[vc_row][vc_column width=&#8221;1\/2&#8243;][vc_custom_heading text=&#8221;Lilianne Rossel &#8211; Presidente&#8221; font_container=&#8221;tag:h3|text_align:left&#8221; google_fonts=&#8221;font_family:Open%20Sans%3A300%2C300italic%2Cregular%2Citalic%2C600%2C600italic%2C700%2C700italic%2C800%2C800italic|font_style:400%20regular%3A400%3Anormal&#8221;][vc_single_image image=&#8221;7792&#8243; img_size=&#8221;full&#8221;][\/vc_column][vc_column width=&#8221;1\/2&#8243;][vc_empty_space height=&#8221;45px&#8221;][vc_column_text]Lilianne Rossel naci\u00f3 en Cuba y se gradu\u00f3 de la Universidad en 1989 con un t\u00edtulo en ingenier\u00eda el\u00e9ctrica. [&hellip;]<\/p>\n","protected":false},"author":1,"featured_media":0,"parent":0,"menu_order":0,"comment_status":"closed","ping_status":"closed","template":"","meta":{"give_campaign_id":0,"nf_dc_page":"","footnotes":""},"class_list":["post-9223","page","type-page","status-publish","hentry"],"acf":[],"yoast_head":"<!-- This site is optimized with the Yoast SEO plugin v27.4 - https:\/\/yoast.com\/product\/yoast-seo-wordpress\/ -->\n<title>Nuestro Equipo - dsaom.org<\/title>\n<meta name=\"robots\" content=\"index, follow, max-snippet:-1, max-image-preview:large, max-video-preview:-1\" \/>\n<link rel=\"canonical\" href=\"https:\/\/dsaom.org\/es\/nuestro-equipo\/\" \/>\n<meta property=\"og:locale\" content=\"es_ES\" \/>\n<meta property=\"og:type\" content=\"article\" \/>\n<meta property=\"og:title\" content=\"Nuestro Equipo - dsaom.org\" \/>\n<meta property=\"og:description\" content=\"[vc_row][vc_column width=&#8221;1\/2&#8243;][vc_custom_heading text=&#8221;Lilianne Rossel &#8211; Presidente&#8221; font_container=&#8221;tag:h3|text_align:left&#8221; google_fonts=&#8221;font_family:Open%20Sans%3A300%2C300italic%2Cregular%2Citalic%2C600%2C600italic%2C700%2C700italic%2C800%2C800italic|font_style:400%20regular%3A400%3Anormal&#8221;][vc_single_image image=&#8221;7792&#8243; img_size=&#8221;full&#8221;][\/vc_column][vc_column width=&#8221;1\/2&#8243;][vc_empty_space height=&#8221;45px&#8221;][vc_column_text]Lilianne Rossel naci\u00f3 en Cuba y se gradu\u00f3 de la Universidad en 1989 con un t\u00edtulo en ingenier\u00eda el\u00e9ctrica. [&hellip;]\" \/>\n<meta property=\"og:url\" content=\"https:\/\/dsaom.org\/es\/nuestro-equipo\/\" \/>\n<meta property=\"og:site_name\" content=\"dsaom.org\" \/>\n<meta property=\"article:modified_time\" content=\"2018-11-30T05:37:28+00:00\" \/>\n<meta name=\"twitter:card\" content=\"summary_large_image\" \/>\n<meta name=\"twitter:label1\" content=\"Tiempo de lectura\" \/>\n\t<meta name=\"twitter:data1\" content=\"9 minutos\" \/>\n<script type=\"application\/ld+json\" class=\"yoast-schema-graph\">{\"@context\":\"https:\\\/\\\/schema.org\",\"@graph\":[{\"@type\":\"WebPage\",\"@id\":\"https:\\\/\\\/dsaom.org\\\/es\\\/nuestro-equipo\\\/\",\"url\":\"https:\\\/\\\/dsaom.org\\\/es\\\/nuestro-equipo\\\/\",\"name\":\"Nuestro Equipo - dsaom.org\",\"isPartOf\":{\"@id\":\"https:\\\/\\\/dsaom.org\\\/#website\"},\"datePublished\":\"2018-09-08T13:28:04+00:00\",\"dateModified\":\"2018-11-30T05:37:28+00:00\",\"breadcrumb\":{\"@id\":\"https:\\\/\\\/dsaom.org\\\/es\\\/nuestro-equipo\\\/#breadcrumb\"},\"inLanguage\":\"es\",\"potentialAction\":[{\"@type\":\"ReadAction\",\"target\":[\"https:\\\/\\\/dsaom.org\\\/es\\\/nuestro-equipo\\\/\"]}]},{\"@type\":\"BreadcrumbList\",\"@id\":\"https:\\\/\\\/dsaom.org\\\/es\\\/nuestro-equipo\\\/#breadcrumb\",\"itemListElement\":[{\"@type\":\"ListItem\",\"position\":1,\"name\":\"Home\",\"item\":\"https:\\\/\\\/dsaom.org\\\/es\\\/\"},{\"@type\":\"ListItem\",\"position\":2,\"name\":\"Nuestro Equipo\"}]},{\"@type\":\"WebSite\",\"@id\":\"https:\\\/\\\/dsaom.org\\\/#website\",\"url\":\"https:\\\/\\\/dsaom.org\\\/\",\"name\":\"dsaom.org\",\"description\":\"Down Syndrome Association of Miami\",\"potentialAction\":[{\"@type\":\"SearchAction\",\"target\":{\"@type\":\"EntryPoint\",\"urlTemplate\":\"https:\\\/\\\/dsaom.org\\\/?s={search_term_string}\"},\"query-input\":{\"@type\":\"PropertyValueSpecification\",\"valueRequired\":true,\"valueName\":\"search_term_string\"}}],\"inLanguage\":\"es\"}]}<\/script>\n<!-- \/ Yoast SEO plugin. -->","yoast_head_json":{"title":"Nuestro Equipo - dsaom.org","robots":{"index":"index","follow":"follow","max-snippet":"max-snippet:-1","max-image-preview":"max-image-preview:large","max-video-preview":"max-video-preview:-1"},"canonical":"https:\/\/dsaom.org\/es\/nuestro-equipo\/","og_locale":"es_ES","og_type":"article","og_title":"Nuestro Equipo - dsaom.org","og_description":"[vc_row][vc_column width=&#8221;1\/2&#8243;][vc_custom_heading text=&#8221;Lilianne Rossel &#8211; Presidente&#8221; font_container=&#8221;tag:h3|text_align:left&#8221; google_fonts=&#8221;font_family:Open%20Sans%3A300%2C300italic%2Cregular%2Citalic%2C600%2C600italic%2C700%2C700italic%2C800%2C800italic|font_style:400%20regular%3A400%3Anormal&#8221;][vc_single_image image=&#8221;7792&#8243; img_size=&#8221;full&#8221;][\/vc_column][vc_column width=&#8221;1\/2&#8243;][vc_empty_space height=&#8221;45px&#8221;][vc_column_text]Lilianne Rossel naci\u00f3 en Cuba y se gradu\u00f3 de la Universidad en 1989 con un t\u00edtulo en ingenier\u00eda el\u00e9ctrica. [&hellip;]","og_url":"https:\/\/dsaom.org\/es\/nuestro-equipo\/","og_site_name":"dsaom.org","article_modified_time":"2018-11-30T05:37:28+00:00","twitter_card":"summary_large_image","twitter_misc":{"Tiempo de lectura":"9 minutos"},"schema":{"@context":"https:\/\/schema.org","@graph":[{"@type":"WebPage","@id":"https:\/\/dsaom.org\/es\/nuestro-equipo\/","url":"https:\/\/dsaom.org\/es\/nuestro-equipo\/","name":"Nuestro Equipo - dsaom.org","isPartOf":{"@id":"https:\/\/dsaom.org\/#website"},"datePublished":"2018-09-08T13:28:04+00:00","dateModified":"2018-11-30T05:37:28+00:00","breadcrumb":{"@id":"https:\/\/dsaom.org\/es\/nuestro-equipo\/#breadcrumb"},"inLanguage":"es","potentialAction":[{"@type":"ReadAction","target":["https:\/\/dsaom.org\/es\/nuestro-equipo\/"]}]},{"@type":"BreadcrumbList","@id":"https:\/\/dsaom.org\/es\/nuestro-equipo\/#breadcrumb","itemListElement":[{"@type":"ListItem","position":1,"name":"Home","item":"https:\/\/dsaom.org\/es\/"},{"@type":"ListItem","position":2,"name":"Nuestro Equipo"}]},{"@type":"WebSite","@id":"https:\/\/dsaom.org\/#website","url":"https:\/\/dsaom.org\/","name":"dsaom.org","description":"Down Syndrome Association of Miami","potentialAction":[{"@type":"SearchAction","target":{"@type":"EntryPoint","urlTemplate":"https:\/\/dsaom.org\/?s={search_term_string}"},"query-input":{"@type":"PropertyValueSpecification","valueRequired":true,"valueName":"search_term_string"}}],"inLanguage":"es"}]}},"campaignId":"","jetpack_sharing_enabled":true,"_links":{"self":[{"href":"https:\/\/dsaom.org\/es\/wp-json\/wp\/v2\/pages\/9223\/"}],"collection":[{"href":"https:\/\/dsaom.org\/es\/wp-json\/wp\/v2\/pages\/"}],"about":[{"href":"https:\/\/dsaom.org\/es\/wp-json\/wp\/v2\/types\/page\/"}],"author":[{"embeddable":true,"href":"https:\/\/dsaom.org\/es\/wp-json\/wp\/v2\/users\/1\/"}],"replies":[{"embeddable":true,"href":"https:\/\/dsaom.org\/es\/wp-json\/wp\/v2\/comments\/?post=9223"}],"version-history":[{"count":2,"href":"https:\/\/dsaom.org\/es\/wp-json\/wp\/v2\/pages\/9223\/revisions\/"}],"predecessor-version":[{"id":9238,"href":"https:\/\/dsaom.org\/es\/wp-json\/wp\/v2\/pages\/9223\/revisions\/9238\/"}],"wp:attachment":[{"href":"https:\/\/dsaom.org\/es\/wp-json\/wp\/v2\/media\/?parent=9223"}],"curies":[{"name":"wp","href":"https:\/\/api.w.org\/{rel}","templated":true}]}}