{"id":9171,"date":"2018-09-07T09:21:02","date_gmt":"2018-09-07T13:21:02","guid":{"rendered":"https:\/\/dsaom.org\/stagingsite\/?page_id=9171"},"modified":"2018-11-30T18:24:16","modified_gmt":"2018-11-30T23:24:16","slug":"home-page","status":"publish","type":"page","link":"https:\/\/dsaom.org\/es\/","title":{"rendered":"Home Page"},"content":{"rendered":"<p>[vc_row background_color=&#8221;#ededed&#8221;][vc_column][vc_empty_space height=&#8221;50px&#8221;][vc_column_text]<\/p>\n<h2 style=\"text-align: center;\"><\/h2>\n<h2 style=\"text-align: center;\"><\/h2>\n<h2 style=\"text-align: center;\"><em>Educamos y promovemos la aceptaci\u00f3n positiva de las personas que viven con s\u00edndrome de Down en la comunidad de Miami-Dade.<\/em><\/h2>\n<p>[\/vc_column_text][vc_empty_space height=&#8221;70px&#8221;][\/vc_column][\/vc_row][vc_row full_width=&#8221;stretch_row&#8221; text_align=&#8221;center&#8221; padding_top=&#8221;20&#8243; padding_bottom=&#8221;50&#8243; css=&#8221;.vc_custom_1525271183483{background-color: #dbdbdb !important;}&#8221;][vc_column width=&#8221;1\/2&#8243;][vc_custom_heading text=&#8221;\u00danete a nuestra lista de correos&#8221; font_container=&#8221;tag:h1|text_align:center|color:%23dd9221&#8243; google_fonts=&#8221;font_family:Nothing%20You%20Could%20Do%3Aregular|font_style:400%20regular%3A400%3Anormal&#8221; link=&#8221;url:https%3A%2F%2Fdsaom.org%2Fstagingsite%2Fjoin-us%2F|&#8221;][vc_column_text]Sea parte de nuestra comunidad y ay\u00fadenos a hacer un mejor lugar para nuestros ni\u00f1os. Hay muchas maneras en que puedes contribuir y hacer algo incre\u00edble.[\/vc_column_text][vc_single_image image=&#8221;7392&#8243; img_size=&#8221;full&#8221; alignment=&#8221;center&#8221;][\/vc_column][vc_column width=&#8221;1\/2&#8243;][vc_custom_heading text=&#8221;Events&#8221; font_container=&#8221;tag:h1|text_align:center|color:%23dd9830&#8243; google_fonts=&#8221;font_family:Nothing%20You%20Could%20Do%3Aregular|font_style:400%20regular%3A400%3Anormal&#8221; link=&#8221;url:https%3A%2F%2Fdsaom.org%2Fstagingsite%2Fevents%2F|&#8221;][vc_column_text]<\/p>\n<p class=\"p1\"><span class=\"s1\"><br \/>\nVea nuestro calendario de pr\u00f3ximos eventos y conozca las numerosas actividades de recaudaci\u00f3n de fondos y apoyo que brindamos.<\/span><\/p>\n<p>[\/vc_column_text][vc_single_image image=&#8221;7412&#8243; img_size=&#8221;full&#8221; onclick=&#8221;custom_link&#8221; link=&#8221;events&#8221;][\/vc_column][\/vc_row][vc_row full_width=&#8221;stretch_row&#8221; text_align=&#8221;center&#8221; padding_top=&#8221;20&#8243; padding_bottom=&#8221;50&#8243; css=&#8221;.vc_custom_1525271183483{background-color: #dbdbdb !important;}&#8221;][vc_column width=&#8221;1\/2&#8243;][vc_custom_heading text=&#8221;Programas&#8221; font_container=&#8221;tag:h1|text_align:center|color:%23dd9933&#8243; google_fonts=&#8221;font_family:Nothing%20You%20Could%20Do%3Aregular|font_style:400%20regular%3A400%3Anormal&#8221; link=&#8221;url:https%3A%2F%2Fdsaom.org%2Fstagingsite%2Fprograms%2F|&#8221;][vc_column_text]<\/p>\n<p class=\"p1\"><span class=\"s1\">Learn more about the many activities we provide for people with Down syndrome.<\/span><\/p>\n<p>[\/vc_column_text][vc_single_image image=&#8221;7704&#8243; img_size=&#8221;full&#8221; alignment=&#8221;center&#8221;][\/vc_column][vc_column width=&#8221;1\/2&#8243;][vc_custom_heading text=&#8221;Recursos&#8221; font_container=&#8221;tag:h1|text_align:center|color:%23dd9933&#8243; google_fonts=&#8221;font_family:Nothing%20You%20Could%20Do%3Aregular|font_style:400%20regular%3A400%3Anormal&#8221; link=&#8221;url:https%3A%2F%2Fdsaom.org%2Fstagingsite%2Fes%2Frecursos%2F%3Flang%3Des|&#8221;][vc_column_text]<\/p>\n<p class=\"p1\"><span class=\"s1\">Learn about resources available in our community. Being an educated parent will help you and your child.\u00a0<\/span><\/p>\n<p>[\/vc_column_text][vc_single_image image=&#8221;7317&#8243; img_size=&#8221;full&#8221; alignment=&#8221;center&#8221;][\/vc_column][\/vc_row][vc_row type=&#8221;full_width&#8221; text_align=&#8221;center&#8221; background_color=&#8221;#ededed&#8221; padding_top=&#8221;50&#8243; padding_bottom=&#8221;50&#8243;][vc_column width=&#8221;1\/3&#8243;][\/vc_column][vc_column width=&#8221;1\/3&#8243;][vc_custom_heading text=&#8221;Pr\u00f3ximos Eventos&#8221; font_container=&#8221;tag:h1|text_align:center|color:%23dd9933&#8243; google_fonts=&#8221;font_family:Roboto%3A100%2C100italic%2C300%2C300italic%2Cregular%2Citalic%2C500%2C500italic%2C700%2C700italic%2C900%2C900italic|font_style:400%20regular%3A400%3Anormal&#8221;][\/vc_column][vc_column width=&#8221;1\/3&#8243;][\/vc_column][\/vc_row][vc_row background_color=&#8221;#ededed&#8221; padding_top=&#8221;50&#8243; padding_bottom=&#8221;10&#8243;][vc_column][vc_masonry_grid post_type=&#8221;custom&#8221; element_width=&#8221;6&#8243; item=&#8221;7784&#8243; grid_id=&#8221;vc_gid:1543557448523-8a904532-cc44-10&#8243; custom_query=&#8221;post_type=event&amp;event_start_after=today&amp;post_status=publish&amp;posts_per_page=-1&#8243;][vc_empty_space height=&#8221;20px&#8221;][\/vc_column][\/vc_row][vc_row type=&#8221;full_width&#8221; text_align=&#8221;center&#8221; padding_top=&#8221;50&#8243; padding_bottom=&#8221;50&#8243;][vc_column width=&#8221;1\/3&#8243;][\/vc_column][vc_column width=&#8221;1\/3&#8243;][vc_custom_heading text=&#8221;Lo que ofrecemos&#8221; font_container=&#8221;tag:h1|text_align:center|color:%23dd9933&#8243; google_fonts=&#8221;font_family:Roboto%3A100%2C100italic%2C300%2C300italic%2Cregular%2Citalic%2C500%2C500italic%2C700%2C700italic%2C900%2C900italic|font_style:400%20regular%3A400%3Anormal&#8221;][\/vc_column][vc_column width=&#8221;1\/3&#8243;][\/vc_column][\/vc_row][vc_row parallax=&#8221;content-moving&#8221; text_align=&#8221;center&#8221; padding_top=&#8221;20&#8243; padding_bottom=&#8221;50&#8243; el_position=&#8221;last&#8221;][vc_column css=&#8221;.vc_custom_1462886067857{background-color: #000000 !important;}&#8221;][vc_video link=&#8221;https:\/\/www.youtube.com\/watch?v=x4718yHXZjg&#8221; css=&#8221;.vc_custom_1461706649453{background-color: #000000 !important;}&#8221;][\/vc_column][\/vc_row][vc_row content_placement=&#8221;middle&#8221; parallax=&#8221;content-moving&#8221; text_align=&#8221;center&#8221; background_color=&#8221;#11aaaf&#8221; border_color=&#8221;#e2e2e2&#8243; padding_top=&#8221;100&#8243; padding_bottom=&#8221;100&#8243; el_position=&#8221;last&#8221; css=&#8221;.vc_custom_1525272186078{background-color: #1dbbc6 !important;}&#8221;][vc_column css=&#8221;.vc_custom_1525272239128{background-color: #11aaaf !important;}&#8221;][vc_column_text css=&#8221;.vc_custom_1525272202593{background-color: #11aaaf !important;}&#8221;][vc_row el_position=&#8221;first last&#8221;][vc_column][vc_cta_button title=&#8221;Dona hoy&#8221; href=&#8221;donation-form&#8221; color=&#8221;wpb_button&#8221; size=&#8221;btn-large&#8221; icon=&#8221;none&#8221; target=&#8221;_self&#8221; position=&#8221;cta_align_right&#8221; call_text=&#8221;Por favor haga una donaci\u00f3n:&#8221; el_position=&#8221;first last&#8221;][\/vc_column_text][\/vc_column][\/vc_row][vc_row type=&#8221;full_width&#8221; text_align=&#8221;center&#8221; padding_top=&#8221;50&#8243; padding_bottom=&#8221;50&#8243;][vc_column width=&#8221;1\/3&#8243;][\/vc_column][vc_column width=&#8221;1\/3&#8243;][vc_custom_heading text=&#8221;Nuestros Patrocinadores&#8221; font_container=&#8221;tag:h1|text_align:center|color:%23dd9933&#8243; google_fonts=&#8221;font_family:Roboto%3A100%2C100italic%2C300%2C300italic%2Cregular%2Citalic%2C500%2C500italic%2C700%2C700italic%2C900%2C900italic|font_style:400%20regular%3A400%3Anormal&#8221;][\/vc_column][vc_column width=&#8221;1\/3&#8243;][\/vc_column][\/vc_row][vc_row full_width=&#8221;stretch_row&#8221; text_align=&#8221;center&#8221; padding_top=&#8221;100&#8243; padding_bottom=&#8221;100&#8243;][vc_column][vc_images_carousel images=&#8221;6901,6902,6903,6905,6906,6907,6909,6911,6913,6914,6916,6917,6920,6921,6922,6923,6925,6910&#8243; img_size=&#8221;full&#8221; onclick=&#8221;custom_link&#8221; custom_links_target=&#8221;_blank&#8221; speed=&#8221;3000&#8243; slides_per_view=&#8221;4&#8243; autoplay=&#8221;yes&#8221; hide_pagination_control=&#8221;yes&#8221; wrap=&#8221;yes&#8221; custom_links=&#8221;#E-8_JUZGJUZDMCVDMiU5NiVFQ2olN0JaJTlEJUQ3JUFCciU4OSVCRnolN0YlRTElQjYlREElN0YlRkQlQUJkJThBJTdCJTI4JTlEJUJBJUU4JUMydyVBNSU5NSVDQSUyNiVGRSUxQm0lQTclRkYlRjAlQzMlMDYlREFxJUFBJUREJThBJUVCJTFBciU4OSVCRiU4NiVEQmklRkYlRkMwJUMyZyU5RCU4QXYlOUZ+JThBJUUwJUZFJTFCbSVBNyVGRiVGMCVDMyUwOGglODElQTklRTUlQTIlRjclQTUlOTYlQzclMjglOUIlRjhtJUI2JTlGJUZGJTgyJTJCJUUyJTlFJTBDJTFBJTk2ZiVBQiVCNSVDQSUyNiVGRCVGQS4lOUQlRDYlQUQlOEElODklRTElQjYlREElN0YlRkYlMEMwJTk5JUFCLXklQzclMjglOUIlRjhtJUI2JTlGJUZGJUMzJTBDJTI5JUEzJTA3JUFCdSVFQiUyMiU4MnglQTdyJUVCJTNGJTg2JURCaSVGRiVGQzAlQzIlQzglOUUlODElRTklNjBqJUM3JTI4JTlCJUY4bSVCNiU5RiVGRiVDMyUwQyUxQyU4NiUyQSVBRSU4QSVENiU5QyVBMm8lRTElQjYlREFsJUZGJUZDMCVDMSVGOWglQUUlMjdaciVCQyVBQyVCNSVBOWxyJTg5JUJGJTg2JURCaSVGRiVGQiVFMiVCNSVBOCUyQmolOThiciVDOSVERSVCNyVGOG0lQjYlOUYlRkYlQjElRTdaJTlFJThCJTFDJUEybyVFMSVCNiVEQSU3RiVGRiUwQzAlOEElMTclOUElQUUlRDklOUV2JTI2JTlDJUEybyVFMSVCNiVEQSU3RiVGRiUwQzBqJUI2JUE2aiVCOSUxQyVBMm8lRTElQjYlREElN0YlRkYlMEMwJUE1JUVBbCU4OSVDQSUyNiVGRCVFOSVFRSVCMyVGOG0lQjYlOUYlRkYlQzMlMEMlMkIlQzklRDclQUJyJTg5JUJG&#8221;][\/vc_column][\/vc_row]<\/p>\n","protected":false},"excerpt":{"rendered":"<p>[vc_row background_color=&#8221;#ededed&#8221;][vc_column][vc_empty_space height=&#8221;50px&#8221;][vc_column_text] Educamos y promovemos la aceptaci\u00f3n positiva de las personas que viven con s\u00edndrome de Down en la comunidad de Miami-Dade. [\/vc_column_text][vc_empty_space height=&#8221;70px&#8221;][\/vc_column][\/vc_row][vc_row full_width=&#8221;stretch_row&#8221; text_align=&#8221;center&#8221; padding_top=&#8221;20&#8243; padding_bottom=&#8221;50&#8243; css=&#8221;.vc_custom_1525271183483{background-color: [&hellip;]<\/p>\n","protected":false},"author":1,"featured_media":0,"parent":0,"menu_order":0,"comment_status":"closed","ping_status":"closed","template":"","meta":{"give_campaign_id":0,"nf_dc_page":"","footnotes":""},"class_list":["post-9171","page","type-page","status-publish","hentry"],"acf":[],"yoast_head":"<!-- This site is optimized with the Yoast SEO plugin v27.4 - https:\/\/yoast.com\/product\/yoast-seo-wordpress\/ -->\n<title>Home Page - dsaom.org<\/title>\n<meta name=\"robots\" content=\"index, follow, max-snippet:-1, max-image-preview:large, max-video-preview:-1\" \/>\n<link rel=\"canonical\" href=\"https:\/\/dsaom.org\/es\/\" \/>\n<meta property=\"og:locale\" content=\"es_ES\" \/>\n<meta property=\"og:type\" content=\"article\" \/>\n<meta property=\"og:title\" content=\"Home Page - dsaom.org\" \/>\n<meta property=\"og:description\" content=\"[vc_row background_color=&#8221;#ededed&#8221;][vc_column][vc_empty_space height=&#8221;50px&#8221;][vc_column_text] Educamos y promovemos la aceptaci\u00f3n positiva de las personas que viven con s\u00edndrome de Down en la comunidad de Miami-Dade. [\/vc_column_text][vc_empty_space height=&#8221;70px&#8221;][\/vc_column][\/vc_row][vc_row full_width=&#8221;stretch_row&#8221; text_align=&#8221;center&#8221; padding_top=&#8221;20&#8243; padding_bottom=&#8221;50&#8243; css=&#8221;.vc_custom_1525271183483{background-color: [&hellip;]\" \/>\n<meta property=\"og:url\" content=\"https:\/\/dsaom.org\/es\/\" \/>\n<meta property=\"og:site_name\" content=\"dsaom.org\" \/>\n<meta property=\"article:modified_time\" content=\"2018-11-30T23:24:16+00:00\" \/>\n<meta name=\"twitter:card\" content=\"summary_large_image\" \/>\n<meta name=\"twitter:label1\" content=\"Tiempo de lectura\" \/>\n\t<meta name=\"twitter:data1\" content=\"5 minutos\" \/>\n<script type=\"application\/ld+json\" class=\"yoast-schema-graph\">{\"@context\":\"https:\\\/\\\/schema.org\",\"@graph\":[{\"@type\":\"WebPage\",\"@id\":\"https:\\\/\\\/dsaom.org\\\/es\\\/\",\"url\":\"https:\\\/\\\/dsaom.org\\\/es\\\/\",\"name\":\"Home Page - dsaom.org\",\"isPartOf\":{\"@id\":\"https:\\\/\\\/dsaom.org\\\/#website\"},\"datePublished\":\"2018-09-07T13:21:02+00:00\",\"dateModified\":\"2018-11-30T23:24:16+00:00\",\"breadcrumb\":{\"@id\":\"https:\\\/\\\/dsaom.org\\\/es\\\/#breadcrumb\"},\"inLanguage\":\"es\",\"potentialAction\":[{\"@type\":\"ReadAction\",\"target\":[\"https:\\\/\\\/dsaom.org\\\/es\\\/\"]}]},{\"@type\":\"BreadcrumbList\",\"@id\":\"https:\\\/\\\/dsaom.org\\\/es\\\/#breadcrumb\",\"itemListElement\":[{\"@type\":\"ListItem\",\"position\":1,\"name\":\"Home\",\"item\":\"https:\\\/\\\/dsaom.org\\\/es\\\/\"},{\"@type\":\"ListItem\",\"position\":2,\"name\":\"Home Page\"}]},{\"@type\":\"WebSite\",\"@id\":\"https:\\\/\\\/dsaom.org\\\/#website\",\"url\":\"https:\\\/\\\/dsaom.org\\\/\",\"name\":\"dsaom.org\",\"description\":\"Down Syndrome Association of Miami\",\"potentialAction\":[{\"@type\":\"SearchAction\",\"target\":{\"@type\":\"EntryPoint\",\"urlTemplate\":\"https:\\\/\\\/dsaom.org\\\/?s={search_term_string}\"},\"query-input\":{\"@type\":\"PropertyValueSpecification\",\"valueRequired\":true,\"valueName\":\"search_term_string\"}}],\"inLanguage\":\"es\"}]}<\/script>\n<!-- \/ Yoast SEO plugin. -->","yoast_head_json":{"title":"Home Page - dsaom.org","robots":{"index":"index","follow":"follow","max-snippet":"max-snippet:-1","max-image-preview":"max-image-preview:large","max-video-preview":"max-video-preview:-1"},"canonical":"https:\/\/dsaom.org\/es\/","og_locale":"es_ES","og_type":"article","og_title":"Home Page - dsaom.org","og_description":"[vc_row background_color=&#8221;#ededed&#8221;][vc_column][vc_empty_space height=&#8221;50px&#8221;][vc_column_text] Educamos y promovemos la aceptaci\u00f3n positiva de las personas que viven con s\u00edndrome de Down en la comunidad de Miami-Dade. [\/vc_column_text][vc_empty_space height=&#8221;70px&#8221;][\/vc_column][\/vc_row][vc_row full_width=&#8221;stretch_row&#8221; text_align=&#8221;center&#8221; padding_top=&#8221;20&#8243; padding_bottom=&#8221;50&#8243; css=&#8221;.vc_custom_1525271183483{background-color: [&hellip;]","og_url":"https:\/\/dsaom.org\/es\/","og_site_name":"dsaom.org","article_modified_time":"2018-11-30T23:24:16+00:00","twitter_card":"summary_large_image","twitter_misc":{"Tiempo de lectura":"5 minutos"},"schema":{"@context":"https:\/\/schema.org","@graph":[{"@type":"WebPage","@id":"https:\/\/dsaom.org\/es\/","url":"https:\/\/dsaom.org\/es\/","name":"Home Page - dsaom.org","isPartOf":{"@id":"https:\/\/dsaom.org\/#website"},"datePublished":"2018-09-07T13:21:02+00:00","dateModified":"2018-11-30T23:24:16+00:00","breadcrumb":{"@id":"https:\/\/dsaom.org\/es\/#breadcrumb"},"inLanguage":"es","potentialAction":[{"@type":"ReadAction","target":["https:\/\/dsaom.org\/es\/"]}]},{"@type":"BreadcrumbList","@id":"https:\/\/dsaom.org\/es\/#breadcrumb","itemListElement":[{"@type":"ListItem","position":1,"name":"Home","item":"https:\/\/dsaom.org\/es\/"},{"@type":"ListItem","position":2,"name":"Home Page"}]},{"@type":"WebSite","@id":"https:\/\/dsaom.org\/#website","url":"https:\/\/dsaom.org\/","name":"dsaom.org","description":"Down Syndrome Association of Miami","potentialAction":[{"@type":"SearchAction","target":{"@type":"EntryPoint","urlTemplate":"https:\/\/dsaom.org\/?s={search_term_string}"},"query-input":{"@type":"PropertyValueSpecification","valueRequired":true,"valueName":"search_term_string"}}],"inLanguage":"es"}]}},"campaignId":"","jetpack_sharing_enabled":true,"_links":{"self":[{"href":"https:\/\/dsaom.org\/es\/wp-json\/wp\/v2\/pages\/9171\/"}],"collection":[{"href":"https:\/\/dsaom.org\/es\/wp-json\/wp\/v2\/pages\/"}],"about":[{"href":"https:\/\/dsaom.org\/es\/wp-json\/wp\/v2\/types\/page\/"}],"author":[{"embeddable":true,"href":"https:\/\/dsaom.org\/es\/wp-json\/wp\/v2\/users\/1\/"}],"replies":[{"embeddable":true,"href":"https:\/\/dsaom.org\/es\/wp-json\/wp\/v2\/comments\/?post=9171"}],"version-history":[{"count":22,"href":"https:\/\/dsaom.org\/es\/wp-json\/wp\/v2\/pages\/9171\/revisions\/"}],"predecessor-version":[{"id":9946,"href":"https:\/\/dsaom.org\/es\/wp-json\/wp\/v2\/pages\/9171\/revisions\/9946\/"}],"wp:attachment":[{"href":"https:\/\/dsaom.org\/es\/wp-json\/wp\/v2\/media\/?parent=9171"}],"curies":[{"name":"wp","href":"https:\/\/api.w.org\/{rel}","templated":true}]}}